{"id":4249,"date":"2022-07-22T10:13:26","date_gmt":"2022-07-22T10:13:26","guid":{"rendered":"https:\/\/pajzos-megyer.com\/nos-vignobles\/"},"modified":"2022-07-22T10:13:27","modified_gmt":"2022-07-22T10:13:27","slug":"nos-vignobles","status":"publish","type":"page","link":"https:\/\/pajzos.com\/fr\/nos-vignobles\/","title":{"rendered":"Nos vignobles"},"content":{"rendered":"\t\t<div data-elementor-type=\"wp-page\" data-elementor-id=\"4249\" class=\"elementor elementor-4249 elementor-854\" data-elementor-post-type=\"page\">\n\t\t\t\t\t\t<section class=\"elementor-section elementor-top-section elementor-element elementor-element-784ffae elementor-section-full_width elementor-section-height-min-height elementor-section-items-stretch elementor-section-content-middle elementor-section-height-default exad-glass-effect-no exad-sticky-section-no\" data-id=\"784ffae\" data-element_type=\"section\" data-settings=\"{&quot;background_background&quot;:&quot;gradient&quot;}\">\n\t\t\t\t\t\t<div class=\"elementor-container elementor-column-gap-no\">\n\t\t\t\t\t<div class=\"elementor-column elementor-col-100 elementor-top-column elementor-element elementor-element-a07024c hero-header-column exad-glass-effect-no exad-sticky-section-no\" data-id=\"a07024c\" data-element_type=\"column\" data-settings=\"{&quot;background_background&quot;:&quot;classic&quot;}\">\n\t\t\t<div class=\"elementor-widget-wrap elementor-element-populated\">\n\t\t\t\t\t<div class=\"elementor-background-overlay\"><\/div>\n\t\t\t\t\t\t<section class=\"elementor-section elementor-inner-section elementor-element elementor-element-8cac978 elementor-section-content-bottom elementor-section-boxed elementor-section-height-default elementor-section-height-default exad-glass-effect-no exad-sticky-section-no\" data-id=\"8cac978\" data-element_type=\"section\" data-settings=\"{&quot;background_background&quot;:&quot;gradient&quot;}\">\n\t\t\t\t\t\t\t<div class=\"elementor-background-overlay\"><\/div>\n\t\t\t\t\t\t\t<div class=\"elementor-container elementor-column-gap-no\">\n\t\t\t\t\t<div class=\"elementor-column elementor-col-100 elementor-inner-column elementor-element elementor-element-136756e exad-glass-effect-no exad-sticky-section-no\" data-id=\"136756e\" data-element_type=\"column\">\n\t\t\t<div class=\"elementor-widget-wrap elementor-element-populated\">\n\t\t\t\t\t\t<div class=\"elementor-element elementor-element-7d94e1c exad-sticky-section-no exad-glass-effect-no elementor-widget elementor-widget-breadcrumbs\" data-id=\"7d94e1c\" data-element_type=\"widget\" data-widget_type=\"breadcrumbs.default\">\n\t\t\t\t<div class=\"elementor-widget-container\">\n\t\t\t\t\t<p id=\"breadcrumbs\"><\/p>\t\t\t\t<\/div>\n\t\t\t\t<\/div>\n\t\t\t\t<div class=\"elementor-element elementor-element-fda95b2 exad-sticky-section-no exad-glass-effect-no elementor-widget elementor-widget-heading\" data-id=\"fda95b2\" data-element_type=\"widget\" data-widget_type=\"heading.default\">\n\t\t\t\t<div class=\"elementor-widget-container\">\n\t\t\t\t\t<h1 class=\"elementor-heading-title elementor-size-default\">Nos vignobles<\/h1>\t\t\t\t<\/div>\n\t\t\t\t<\/div>\n\t\t\t\t\t<\/div>\n\t\t<\/div>\n\t\t\t\t\t<\/div>\n\t\t<\/section>\n\t\t\t\t\t<\/div>\n\t\t<\/div>\n\t\t\t\t\t<\/div>\n\t\t<\/section>\n\t\t\t\t<section class=\"elementor-section elementor-top-section elementor-element elementor-element-c79aa6d elementor-section-boxed elementor-section-height-default elementor-section-height-default exad-glass-effect-no exad-sticky-section-no\" data-id=\"c79aa6d\" data-element_type=\"section\">\n\t\t\t\t\t\t<div class=\"elementor-container elementor-column-gap-default\">\n\t\t\t\t\t<div class=\"elementor-column elementor-col-50 elementor-top-column elementor-element elementor-element-8924a02 exad-glass-effect-no exad-sticky-section-no elementor-invisible\" data-id=\"8924a02\" data-element_type=\"column\" data-settings=\"{&quot;animation&quot;:&quot;fadeInLeft&quot;}\">\n\t\t\t<div class=\"elementor-widget-wrap elementor-element-populated\">\n\t\t\t\t\t\t<div class=\"elementor-element elementor-element-779f7dd exad-sticky-section-no exad-glass-effect-no elementor-widget elementor-widget-text-editor\" data-id=\"779f7dd\" data-element_type=\"widget\" data-widget_type=\"text-editor.default\">\n\t\t\t\t<div class=\"elementor-widget-container\">\n\t\t\t\t\t\t\t\t\t<p>D\u00e9couvre-le !<\/p>\t\t\t\t\t\t\t\t<\/div>\n\t\t\t\t<\/div>\n\t\t\t\t<div class=\"elementor-element elementor-element-08899cb exad-sticky-section-no exad-glass-effect-no elementor-widget elementor-widget-heading\" data-id=\"08899cb\" data-element_type=\"widget\" data-widget_type=\"heading.default\">\n\t\t\t\t<div class=\"elementor-widget-container\">\n\t\t\t\t\t<h2 class=\"elementor-heading-title elementor-size-default\">Le vignoble Pajzos<\/h2>\t\t\t\t<\/div>\n\t\t\t\t<\/div>\n\t\t\t\t<div class=\"elementor-element elementor-element-a389bdd exad-sticky-section-no exad-glass-effect-no elementor-widget elementor-widget-text-editor\" data-id=\"a389bdd\" data-element_type=\"widget\" data-widget_type=\"text-editor.default\">\n\t\t\t\t<div class=\"elementor-widget-container\">\n\t\t\t\t\t\t\t\t\t<p>Dans la r\u00e9gion de Tokaj, mondialement reconnue, naissent depuis des si\u00e8cles des vins de qualit\u00e9 exceptionnelle. Le terroir local cache encore bien des tr\u00e9sors. <\/p>\t\t\t\t\t\t\t\t<\/div>\n\t\t\t\t<\/div>\n\t\t\t\t<div class=\"elementor-element elementor-element-f68733a exad-sticky-section-no exad-glass-effect-no elementor-widget elementor-widget-button\" data-id=\"f68733a\" data-element_type=\"widget\" data-widget_type=\"button.default\">\n\t\t\t\t<div class=\"elementor-widget-container\">\n\t\t\t\t\t\t\t\t\t<div class=\"elementor-button-wrapper\">\n\t\t\t\t\t<a class=\"elementor-button elementor-button-link elementor-size-sm\" href=\"https:\/\/pajzos.com\/fr\/nos-vignobles\/le-vignoble-pajzos\/\">\n\t\t\t\t\t\t<span class=\"elementor-button-content-wrapper\">\n\t\t\t\t\t\t\t\t\t<span class=\"elementor-button-text\">Voir plus<\/span>\n\t\t\t\t\t<\/span>\n\t\t\t\t\t<\/a>\n\t\t\t\t<\/div>\n\t\t\t\t\t\t\t\t<\/div>\n\t\t\t\t<\/div>\n\t\t\t\t\t<\/div>\n\t\t<\/div>\n\t\t\t\t<div class=\"elementor-column elementor-col-50 elementor-top-column elementor-element elementor-element-3858a67 exad-glass-effect-no exad-sticky-section-no elementor-invisible\" data-id=\"3858a67\" data-element_type=\"column\" data-settings=\"{&quot;animation&quot;:&quot;fadeInRight&quot;}\">\n\t\t\t<div class=\"elementor-widget-wrap elementor-element-populated\">\n\t\t\t\t\t\t<div class=\"elementor-element elementor-element-b042498 exad-sticky-section-no exad-glass-effect-no elementor-widget elementor-widget-image\" data-id=\"b042498\" data-element_type=\"widget\" data-widget_type=\"image.default\">\n\t\t\t\t<div class=\"elementor-widget-container\">\n\t\t\t\t\t\t\t\t\t\t\t\t\t\t\t<img fetchpriority=\"high\" decoding=\"async\" width=\"800\" height=\"534\" src=\"https:\/\/pajzos.com\/wp-content\/uploads\/2022\/05\/pajzos-dulo-latkep-1024x683.jpg\" class=\"attachment-large size-large wp-image-2237\" alt=\"Le vignoble Pajzos\" srcset=\"https:\/\/pajzos.com\/wp-content\/uploads\/2022\/05\/pajzos-dulo-latkep-1024x683.jpg 1024w, https:\/\/pajzos.com\/wp-content\/uploads\/2022\/05\/pajzos-dulo-latkep-300x200.jpg 300w, https:\/\/pajzos.com\/wp-content\/uploads\/2022\/05\/pajzos-dulo-latkep-768x512.jpg 768w, https:\/\/pajzos.com\/wp-content\/uploads\/2022\/05\/pajzos-dulo-latkep-600x400.jpg 600w, https:\/\/pajzos.com\/wp-content\/uploads\/2022\/05\/pajzos-dulo-latkep.jpg 1200w\" sizes=\"(max-width: 800px) 100vw, 800px\" \/>\t\t\t\t\t\t\t\t\t\t\t\t\t\t\t<\/div>\n\t\t\t\t<\/div>\n\t\t\t\t\t<\/div>\n\t\t<\/div>\n\t\t\t\t\t<\/div>\n\t\t<\/section>\n\t\t\t\t<section class=\"elementor-section elementor-top-section elementor-element elementor-element-9f7bf31 elementor-reverse-mobile elementor-section-boxed elementor-section-height-default elementor-section-height-default exad-glass-effect-no exad-sticky-section-no\" data-id=\"9f7bf31\" data-element_type=\"section\">\n\t\t\t\t\t\t<div class=\"elementor-container elementor-column-gap-default\">\n\t\t\t\t\t<div class=\"elementor-column elementor-col-50 elementor-top-column elementor-element elementor-element-1521218 exad-glass-effect-no exad-sticky-section-no elementor-invisible\" data-id=\"1521218\" data-element_type=\"column\" data-settings=\"{&quot;animation&quot;:&quot;fadeInLeft&quot;}\">\n\t\t\t<div class=\"elementor-widget-wrap elementor-element-populated\">\n\t\t\t\t\t\t<div class=\"elementor-element elementor-element-1fff4b3 exad-sticky-section-no exad-glass-effect-no elementor-widget elementor-widget-image\" data-id=\"1fff4b3\" data-element_type=\"widget\" data-widget_type=\"image.default\">\n\t\t\t\t<div class=\"elementor-widget-container\">\n\t\t\t\t\t\t\t\t\t\t\t\t\t\t\t<img decoding=\"async\" width=\"800\" height=\"600\" src=\"https:\/\/pajzos.com\/wp-content\/uploads\/2022\/05\/Megyer_dulo-1024x768.jpg\" class=\"attachment-large size-large wp-image-2363\" alt=\"Le vignoble Megyer - Pajzos Tokaj\" srcset=\"https:\/\/pajzos.com\/wp-content\/uploads\/2022\/05\/Megyer_dulo-1024x768.jpg 1024w, https:\/\/pajzos.com\/wp-content\/uploads\/2022\/05\/Megyer_dulo-300x225.jpg 300w, https:\/\/pajzos.com\/wp-content\/uploads\/2022\/05\/Megyer_dulo-768x576.jpg 768w, https:\/\/pajzos.com\/wp-content\/uploads\/2022\/05\/Megyer_dulo-1536x1152.jpg 1536w, https:\/\/pajzos.com\/wp-content\/uploads\/2022\/05\/Megyer_dulo-600x450.jpg 600w, https:\/\/pajzos.com\/wp-content\/uploads\/2022\/05\/Megyer_dulo.jpg 2016w\" sizes=\"(max-width: 800px) 100vw, 800px\" \/>\t\t\t\t\t\t\t\t\t\t\t\t\t\t\t<\/div>\n\t\t\t\t<\/div>\n\t\t\t\t\t<\/div>\n\t\t<\/div>\n\t\t\t\t<div class=\"elementor-column elementor-col-50 elementor-top-column elementor-element elementor-element-4b2ab57 exad-glass-effect-no exad-sticky-section-no elementor-invisible\" data-id=\"4b2ab57\" data-element_type=\"column\" data-settings=\"{&quot;animation&quot;:&quot;fadeInRight&quot;}\">\n\t\t\t<div class=\"elementor-widget-wrap elementor-element-populated\">\n\t\t\t\t\t\t<div class=\"elementor-element elementor-element-11d3d42 exad-sticky-section-no exad-glass-effect-no elementor-widget elementor-widget-text-editor\" data-id=\"11d3d42\" data-element_type=\"widget\" data-widget_type=\"text-editor.default\">\n\t\t\t\t<div class=\"elementor-widget-container\">\n\t\t\t\t\t\t\t\t\t<p>D\u00e9couvre-le !<\/p>\t\t\t\t\t\t\t\t<\/div>\n\t\t\t\t<\/div>\n\t\t\t\t<div class=\"elementor-element elementor-element-87882e1 exad-sticky-section-no exad-glass-effect-no elementor-widget elementor-widget-heading\" data-id=\"87882e1\" data-element_type=\"widget\" data-widget_type=\"heading.default\">\n\t\t\t\t<div class=\"elementor-widget-container\">\n\t\t\t\t\t<h2 class=\"elementor-heading-title elementor-size-default\">Le vignoble Megyer<\/h2>\t\t\t\t<\/div>\n\t\t\t\t<\/div>\n\t\t\t\t<div class=\"elementor-element elementor-element-8eaa890 exad-sticky-section-no exad-glass-effect-no elementor-widget elementor-widget-text-editor\" data-id=\"8eaa890\" data-element_type=\"widget\" data-widget_type=\"text-editor.default\">\n\t\t\t\t<div class=\"elementor-widget-container\">\n\t\t\t\t\t\t\t\t\t<p>Dans la r\u00e9gion de Tokaj, mondialement reconnue, naissent depuis des si\u00e8cles des vins de qualit\u00e9 exceptionnelle. Le terroir local cache encore bien des tr\u00e9sors. <\/p>\t\t\t\t\t\t\t\t<\/div>\n\t\t\t\t<\/div>\n\t\t\t\t<div class=\"elementor-element elementor-element-18e2b62 exad-sticky-section-no exad-glass-effect-no elementor-widget elementor-widget-button\" data-id=\"18e2b62\" data-element_type=\"widget\" data-widget_type=\"button.default\">\n\t\t\t\t<div class=\"elementor-widget-container\">\n\t\t\t\t\t\t\t\t\t<div class=\"elementor-button-wrapper\">\n\t\t\t\t\t<a class=\"elementor-button elementor-button-link elementor-size-sm\" href=\"https:\/\/pajzos.com\/fr\/nos-vignobles\/le-vignoble-megyer\/\">\n\t\t\t\t\t\t<span class=\"elementor-button-content-wrapper\">\n\t\t\t\t\t\t\t\t\t<span class=\"elementor-button-text\">Voir plus<\/span>\n\t\t\t\t\t<\/span>\n\t\t\t\t\t<\/a>\n\t\t\t\t<\/div>\n\t\t\t\t\t\t\t\t<\/div>\n\t\t\t\t<\/div>\n\t\t\t\t\t<\/div>\n\t\t<\/div>\n\t\t\t\t\t<\/div>\n\t\t<\/section>\n\t\t\t\t<\/div>\n\t\t","protected":false},"excerpt":{"rendered":"<p>D\u00e9couvre-le ! Le vignoble Pajzos Dans la r\u00e9gion de Tokaj, mondialement reconnue, naissent depuis des si\u00e8cles des vins de qualit\u00e9 exceptionnelle. Le terroir local cache encore bien des tr\u00e9sors. Voir plus D\u00e9couvre-le ! Le vignoble Megyer Dans la r\u00e9gion de Tokaj, mondialement reconnue, naissent depuis des si\u00e8cles des vins de qualit\u00e9 exceptionnelle. Le terroir local [&hellip;]<\/p>\n","protected":false},"author":1,"featured_media":0,"parent":0,"menu_order":0,"comment_status":"closed","ping_status":"closed","template":"","meta":{"_acf_changed":false,"inline_featured_image":false,"footnotes":""},"class_list":["post-4249","page","type-page","status-publish","hentry"],"acf":[],"yoast_head":"<!-- This site is optimized with the Yoast SEO plugin v27.4 - https:\/\/yoast.com\/product\/yoast-seo-wordpress\/ -->\n<title>Nos vignobles - Pajzos Tokaj<\/title>\n<meta name=\"description\" content=\"Pajzos \u00e9labore ses vins \u00e0 partir de la r\u00e9colte exceptionnelle de deux vignobles : Pajzos \u00e0 Bodrogolaszi et Megyer \u00e0 S\u00e1rospatak.\" \/>\n<meta name=\"robots\" content=\"index, follow, max-snippet:-1, max-image-preview:large, max-video-preview:-1\" \/>\n<link rel=\"canonical\" href=\"http:\/\/pajzos.com\/fr\/nos-vignobles\/\" \/>\n<meta property=\"og:locale\" content=\"fr_FR\" \/>\n<meta property=\"og:type\" content=\"article\" \/>\n<meta property=\"og:title\" content=\"Nos vignobles - Pajzos Tokaj\" \/>\n<meta property=\"og:description\" content=\"Pajzos \u00e9labore ses vins \u00e0 partir de la r\u00e9colte exceptionnelle de deux vignobles : Pajzos \u00e0 Bodrogolaszi et Megyer \u00e0 S\u00e1rospatak.\" \/>\n<meta property=\"og:url\" content=\"http:\/\/pajzos.com\/fr\/nos-vignobles\/\" \/>\n<meta property=\"og:site_name\" content=\"Pajzos Tokaj\" \/>\n<meta property=\"article:publisher\" content=\"https:\/\/www.facebook.com\/pajzoswinery\/\" \/>\n<meta property=\"article:modified_time\" content=\"2022-07-22T10:13:27+00:00\" \/>\n<meta property=\"og:image\" content=\"https:\/\/pajzos-megyer.com\/wp-content\/uploads\/2022\/05\/pajzos-dulo-latkep-1024x683.jpg\" \/>\n<meta name=\"twitter:card\" content=\"summary_large_image\" \/>\n<script type=\"application\/ld+json\" class=\"yoast-schema-graph\">{\"@context\":\"https:\\\/\\\/schema.org\",\"@graph\":[{\"@type\":\"WebPage\",\"@id\":\"http:\\\/\\\/pajzos.com\\\/fr\\\/nos-vignobles\\\/\",\"url\":\"http:\\\/\\\/pajzos.com\\\/fr\\\/nos-vignobles\\\/\",\"name\":\"Nos vignobles - Pajzos Tokaj\",\"isPartOf\":{\"@id\":\"https:\\\/\\\/pajzos.com\\\/#website\"},\"primaryImageOfPage\":{\"@id\":\"http:\\\/\\\/pajzos.com\\\/fr\\\/nos-vignobles\\\/#primaryimage\"},\"image\":{\"@id\":\"http:\\\/\\\/pajzos.com\\\/fr\\\/nos-vignobles\\\/#primaryimage\"},\"thumbnailUrl\":\"https:\\\/\\\/pajzos-megyer.com\\\/wp-content\\\/uploads\\\/2022\\\/05\\\/pajzos-dulo-latkep-1024x683.jpg\",\"datePublished\":\"2022-07-22T10:13:26+00:00\",\"dateModified\":\"2022-07-22T10:13:27+00:00\",\"description\":\"Pajzos \u00e9labore ses vins \u00e0 partir de la r\u00e9colte exceptionnelle de deux vignobles : Pajzos \u00e0 Bodrogolaszi et Megyer \u00e0 S\u00e1rospatak.\",\"inLanguage\":\"fr-FR\",\"potentialAction\":[{\"@type\":\"ReadAction\",\"target\":[\"http:\\\/\\\/pajzos.com\\\/fr\\\/nos-vignobles\\\/\"]}]},{\"@type\":\"ImageObject\",\"inLanguage\":\"fr-FR\",\"@id\":\"http:\\\/\\\/pajzos.com\\\/fr\\\/nos-vignobles\\\/#primaryimage\",\"url\":\"https:\\\/\\\/pajzos-megyer.com\\\/wp-content\\\/uploads\\\/2022\\\/05\\\/pajzos-dulo-latkep-1024x683.jpg\",\"contentUrl\":\"https:\\\/\\\/pajzos-megyer.com\\\/wp-content\\\/uploads\\\/2022\\\/05\\\/pajzos-dulo-latkep-1024x683.jpg\"},{\"@type\":\"WebSite\",\"@id\":\"https:\\\/\\\/pajzos.com\\\/#website\",\"url\":\"https:\\\/\\\/pajzos.com\\\/\",\"name\":\"Pajzos Tokaj\",\"description\":\"Pajzos Tokaj Bor\u00e1szat\",\"publisher\":{\"@id\":\"https:\\\/\\\/pajzos.com\\\/#organization\"},\"potentialAction\":[{\"@type\":\"SearchAction\",\"target\":{\"@type\":\"EntryPoint\",\"urlTemplate\":\"https:\\\/\\\/pajzos.com\\\/?s={search_term_string}\"},\"query-input\":{\"@type\":\"PropertyValueSpecification\",\"valueRequired\":true,\"valueName\":\"search_term_string\"}}],\"inLanguage\":\"fr-FR\"},{\"@type\":\"Organization\",\"@id\":\"https:\\\/\\\/pajzos.com\\\/#organization\",\"name\":\"Pajzos Tokaj\",\"url\":\"https:\\\/\\\/pajzos.com\\\/\",\"logo\":{\"@type\":\"ImageObject\",\"inLanguage\":\"fr-FR\",\"@id\":\"https:\\\/\\\/pajzos.com\\\/#\\\/schema\\\/logo\\\/image\\\/\",\"url\":\"https:\\\/\\\/pajzos.com\\\/wp-content\\\/uploads\\\/2022\\\/05\\\/cropped-cropped-logo.final_.01.png\",\"contentUrl\":\"https:\\\/\\\/pajzos.com\\\/wp-content\\\/uploads\\\/2022\\\/05\\\/cropped-cropped-logo.final_.01.png\",\"width\":512,\"height\":512,\"caption\":\"Pajzos Tokaj\"},\"image\":{\"@id\":\"https:\\\/\\\/pajzos.com\\\/#\\\/schema\\\/logo\\\/image\\\/\"},\"sameAs\":[\"https:\\\/\\\/www.facebook.com\\\/pajzoswinery\\\/\",\"https:\\\/\\\/www.instagram.com\\\/pajzostokaj\\\/\"]}]}<\/script>\n<!-- \/ Yoast SEO plugin. -->","yoast_head_json":{"title":"Nos vignobles - Pajzos Tokaj","description":"Pajzos \u00e9labore ses vins \u00e0 partir de la r\u00e9colte exceptionnelle de deux vignobles : Pajzos \u00e0 Bodrogolaszi et Megyer \u00e0 S\u00e1rospatak.","robots":{"index":"index","follow":"follow","max-snippet":"max-snippet:-1","max-image-preview":"max-image-preview:large","max-video-preview":"max-video-preview:-1"},"canonical":"http:\/\/pajzos.com\/fr\/nos-vignobles\/","og_locale":"fr_FR","og_type":"article","og_title":"Nos vignobles - Pajzos Tokaj","og_description":"Pajzos \u00e9labore ses vins \u00e0 partir de la r\u00e9colte exceptionnelle de deux vignobles : Pajzos \u00e0 Bodrogolaszi et Megyer \u00e0 S\u00e1rospatak.","og_url":"http:\/\/pajzos.com\/fr\/nos-vignobles\/","og_site_name":"Pajzos Tokaj","article_publisher":"https:\/\/www.facebook.com\/pajzoswinery\/","article_modified_time":"2022-07-22T10:13:27+00:00","og_image":[{"url":"https:\/\/pajzos-megyer.com\/wp-content\/uploads\/2022\/05\/pajzos-dulo-latkep-1024x683.jpg","type":"","width":"","height":""}],"twitter_card":"summary_large_image","schema":{"@context":"https:\/\/schema.org","@graph":[{"@type":"WebPage","@id":"http:\/\/pajzos.com\/fr\/nos-vignobles\/","url":"http:\/\/pajzos.com\/fr\/nos-vignobles\/","name":"Nos vignobles - Pajzos Tokaj","isPartOf":{"@id":"https:\/\/pajzos.com\/#website"},"primaryImageOfPage":{"@id":"http:\/\/pajzos.com\/fr\/nos-vignobles\/#primaryimage"},"image":{"@id":"http:\/\/pajzos.com\/fr\/nos-vignobles\/#primaryimage"},"thumbnailUrl":"https:\/\/pajzos-megyer.com\/wp-content\/uploads\/2022\/05\/pajzos-dulo-latkep-1024x683.jpg","datePublished":"2022-07-22T10:13:26+00:00","dateModified":"2022-07-22T10:13:27+00:00","description":"Pajzos \u00e9labore ses vins \u00e0 partir de la r\u00e9colte exceptionnelle de deux vignobles : Pajzos \u00e0 Bodrogolaszi et Megyer \u00e0 S\u00e1rospatak.","inLanguage":"fr-FR","potentialAction":[{"@type":"ReadAction","target":["http:\/\/pajzos.com\/fr\/nos-vignobles\/"]}]},{"@type":"ImageObject","inLanguage":"fr-FR","@id":"http:\/\/pajzos.com\/fr\/nos-vignobles\/#primaryimage","url":"https:\/\/pajzos-megyer.com\/wp-content\/uploads\/2022\/05\/pajzos-dulo-latkep-1024x683.jpg","contentUrl":"https:\/\/pajzos-megyer.com\/wp-content\/uploads\/2022\/05\/pajzos-dulo-latkep-1024x683.jpg"},{"@type":"WebSite","@id":"https:\/\/pajzos.com\/#website","url":"https:\/\/pajzos.com\/","name":"Pajzos Tokaj","description":"Pajzos Tokaj Bor\u00e1szat","publisher":{"@id":"https:\/\/pajzos.com\/#organization"},"potentialAction":[{"@type":"SearchAction","target":{"@type":"EntryPoint","urlTemplate":"https:\/\/pajzos.com\/?s={search_term_string}"},"query-input":{"@type":"PropertyValueSpecification","valueRequired":true,"valueName":"search_term_string"}}],"inLanguage":"fr-FR"},{"@type":"Organization","@id":"https:\/\/pajzos.com\/#organization","name":"Pajzos Tokaj","url":"https:\/\/pajzos.com\/","logo":{"@type":"ImageObject","inLanguage":"fr-FR","@id":"https:\/\/pajzos.com\/#\/schema\/logo\/image\/","url":"https:\/\/pajzos.com\/wp-content\/uploads\/2022\/05\/cropped-cropped-logo.final_.01.png","contentUrl":"https:\/\/pajzos.com\/wp-content\/uploads\/2022\/05\/cropped-cropped-logo.final_.01.png","width":512,"height":512,"caption":"Pajzos Tokaj"},"image":{"@id":"https:\/\/pajzos.com\/#\/schema\/logo\/image\/"},"sameAs":["https:\/\/www.facebook.com\/pajzoswinery\/","https:\/\/www.instagram.com\/pajzostokaj\/"]}]}},"_links":{"self":[{"href":"https:\/\/pajzos.com\/fr\/wp-json\/wp\/v2\/pages\/4249","targetHints":{"allow":["GET"]}}],"collection":[{"href":"https:\/\/pajzos.com\/fr\/wp-json\/wp\/v2\/pages"}],"about":[{"href":"https:\/\/pajzos.com\/fr\/wp-json\/wp\/v2\/types\/page"}],"author":[{"embeddable":true,"href":"https:\/\/pajzos.com\/fr\/wp-json\/wp\/v2\/users\/1"}],"replies":[{"embeddable":true,"href":"https:\/\/pajzos.com\/fr\/wp-json\/wp\/v2\/comments?post=4249"}],"version-history":[{"count":1,"href":"https:\/\/pajzos.com\/fr\/wp-json\/wp\/v2\/pages\/4249\/revisions"}],"predecessor-version":[{"id":4250,"href":"https:\/\/pajzos.com\/fr\/wp-json\/wp\/v2\/pages\/4249\/revisions\/4250"}],"wp:attachment":[{"href":"https:\/\/pajzos.com\/fr\/wp-json\/wp\/v2\/media?parent=4249"}],"curies":[{"name":"wp","href":"https:\/\/api.w.org\/{rel}","templated":true}]}}