{"id":4239,"date":"2022-07-22T09:52:46","date_gmt":"2022-07-22T09:52:46","guid":{"rendered":"https:\/\/pajzos-megyer.com\/contact\/"},"modified":"2023-06-21T10:41:05","modified_gmt":"2023-06-21T09:41:05","slug":"contact","status":"publish","type":"page","link":"https:\/\/pajzos.com\/fr\/contact\/","title":{"rendered":"Contact"},"content":{"rendered":"\t\t<div data-elementor-type=\"wp-page\" data-elementor-id=\"4239\" class=\"elementor elementor-4239 elementor-1308\">\n\t\t\t\t\t\t<section class=\"elementor-section elementor-top-section elementor-element elementor-element-8126398 elementor-section-full_width elementor-section-height-min-height elementor-section-items-stretch elementor-section-content-middle elementor-section-height-default exad-glass-effect-no exad-sticky-section-no\" data-id=\"8126398\" data-element_type=\"section\" data-settings=\"{&quot;background_background&quot;:&quot;classic&quot;}\">\n\t\t\t\t\t\t<div class=\"elementor-container elementor-column-gap-no\">\n\t\t\t\t\t<div class=\"elementor-column elementor-col-100 elementor-top-column elementor-element elementor-element-28e988e hero-header-column exad-glass-effect-no exad-sticky-section-no\" data-id=\"28e988e\" data-element_type=\"column\" data-settings=\"{&quot;background_background&quot;:&quot;classic&quot;}\">\n\t\t\t<div class=\"elementor-widget-wrap elementor-element-populated\">\n\t\t\t\t\t<div class=\"elementor-background-overlay\"><\/div>\n\t\t\t\t\t\t<section class=\"elementor-section elementor-inner-section elementor-element elementor-element-5207cbf elementor-section-content-bottom elementor-section-boxed elementor-section-height-default elementor-section-height-default exad-glass-effect-no exad-sticky-section-no\" data-id=\"5207cbf\" data-element_type=\"section\" data-settings=\"{&quot;background_background&quot;:&quot;gradient&quot;}\">\n\t\t\t\t\t\t<div class=\"elementor-container elementor-column-gap-no\">\n\t\t\t\t\t<div class=\"elementor-column elementor-col-100 elementor-inner-column elementor-element elementor-element-9096c5d exad-glass-effect-no exad-sticky-section-no\" data-id=\"9096c5d\" data-element_type=\"column\">\n\t\t\t<div class=\"elementor-widget-wrap elementor-element-populated\">\n\t\t\t\t\t\t<div class=\"elementor-element elementor-element-bea0900 exad-sticky-section-no exad-glass-effect-no elementor-widget elementor-widget-heading\" data-id=\"bea0900\" data-element_type=\"widget\" data-widget_type=\"heading.default\">\n\t\t\t\t<div class=\"elementor-widget-container\">\n\t\t\t\t\t<h1 class=\"elementor-heading-title elementor-size-default\">Add Your Heading Text Here<\/h1>\t\t\t\t<\/div>\n\t\t\t\t<\/div>\n\t\t\t\t\t<\/div>\n\t\t<\/div>\n\t\t\t\t\t<\/div>\n\t\t<\/section>\n\t\t\t\t\t<\/div>\n\t\t<\/div>\n\t\t\t\t\t<\/div>\n\t\t<\/section>\n\t\t\t\t<section class=\"elementor-section elementor-top-section elementor-element elementor-element-55da33d elementor-section-full_width elementor-section-height-min-height elementor-section-items-stretch elementor-section-content-top elementor-section-height-default exad-glass-effect-no exad-sticky-section-no\" data-id=\"55da33d\" data-element_type=\"section\" data-settings=\"{&quot;background_background&quot;:&quot;classic&quot;}\">\n\t\t\t\t\t\t<div class=\"elementor-container elementor-column-gap-no\">\n\t\t\t\t\t<div class=\"elementor-column elementor-col-100 elementor-top-column elementor-element elementor-element-3d2c8e2 exad-glass-effect-no exad-sticky-section-no\" data-id=\"3d2c8e2\" data-element_type=\"column\">\n\t\t\t<div class=\"elementor-widget-wrap elementor-element-populated\">\n\t\t\t\t\t\t<div class=\"elementor-element elementor-element-62b34e2 elementor-widget__width-initial elementor-absolute elementor-hidden-mobile exad-sticky-section-no exad-glass-effect-no elementor-widget elementor-widget-google_maps\" data-id=\"62b34e2\" data-element_type=\"widget\" data-settings=\"{&quot;_position&quot;:&quot;absolute&quot;}\" data-widget_type=\"google_maps.default\">\n\t\t\t\t<div class=\"elementor-widget-container\">\n\t\t\t\t\t\t\t<div class=\"elementor-custom-embed\">\n\t\t\t<iframe loading=\"lazy\"\n\t\t\t\t\tsrc=\"https:\/\/maps.google.com\/maps?q=3950%20S%C3%A1rospatak%2C%20Nagy%20Lajos%20%C3%BAt%2023-25&#038;t=m&#038;z=10&#038;output=embed&#038;iwloc=near\"\n\t\t\t\t\ttitle=\"3950 S\u00e1rospatak, Nagy Lajos \u00fat 23-25\"\n\t\t\t\t\taria-label=\"3950 S\u00e1rospatak, Nagy Lajos \u00fat 23-25\"\n\t\t\t><\/iframe>\n\t\t<\/div>\n\t\t\t\t\t\t<\/div>\n\t\t\t\t<\/div>\n\t\t\t\t<section class=\"elementor-section elementor-inner-section elementor-element elementor-element-ece2ab3 elementor-section-content-top elementor-section-boxed elementor-section-height-default elementor-section-height-default exad-glass-effect-no exad-sticky-section-no\" data-id=\"ece2ab3\" data-element_type=\"section\">\n\t\t\t\t\t\t<div class=\"elementor-container elementor-column-gap-no\">\n\t\t\t\t\t<div class=\"elementor-column elementor-col-100 elementor-inner-column elementor-element elementor-element-0473a14 exad-glass-effect-no exad-sticky-section-no\" data-id=\"0473a14\" data-element_type=\"column\">\n\t\t\t<div class=\"elementor-widget-wrap elementor-element-populated\">\n\t\t\t\t\t\t<div class=\"elementor-element elementor-element-566f4f9 exad-sticky-section-no exad-glass-effect-no elementor-widget elementor-widget-heading\" data-id=\"566f4f9\" data-element_type=\"widget\" data-widget_type=\"heading.default\">\n\t\t\t\t<div class=\"elementor-widget-container\">\n\t\t\t\t\t<h2 class=\"elementor-heading-title elementor-size-default\">Contactez-nous !<\/h2>\t\t\t\t<\/div>\n\t\t\t\t<\/div>\n\t\t\t\t<div class=\"elementor-element elementor-element-524701d elementor-icon-list--layout-traditional elementor-list-item-link-full_width exad-sticky-section-no exad-glass-effect-no elementor-widget elementor-widget-icon-list\" data-id=\"524701d\" data-element_type=\"widget\" data-widget_type=\"icon-list.default\">\n\t\t\t\t<div class=\"elementor-widget-container\">\n\t\t\t\t\t\t\t<ul class=\"elementor-icon-list-items\">\n\t\t\t\t\t\t\t<li class=\"elementor-icon-list-item\">\n\t\t\t\t\t\t\t\t\t\t\t<a href=\"https:\/\/maps.google.com\/maps\/dir\/\/Nagy+Lajos+%C3%BAt+23+S%C3%A1rospatak+3950\/@48.3282529,21.5661844,10z\/data=!4m5!4m4!1m0!1m2!1m1!1s0x4738ca485c68bac5:0x78a27f1c51fa5832\" target=\"_blank\">\n\n\t\t\t\t\t\t\t\t\t\t\t\t<span class=\"elementor-icon-list-icon\">\n\t\t\t\t\t\t\t<i aria-hidden=\"true\" class=\"feather icon-map-pin\"><\/i>\t\t\t\t\t\t<\/span>\n\t\t\t\t\t\t\t\t\t\t<span class=\"elementor-icon-list-text\">3950 S\u00e1rospatak, Nagy Lajos \u00fat 23-25.<\/span>\n\t\t\t\t\t\t\t\t\t\t\t<\/a>\n\t\t\t\t\t\t\t\t\t<\/li>\n\t\t\t\t\t\t\t\t<li class=\"elementor-icon-list-item\">\n\t\t\t\t\t\t\t\t\t\t\t<a href=\"\">\n\n\t\t\t\t\t\t\t\t\t\t\t\t<span class=\"elementor-icon-list-icon\">\n\t\t\t\t\t\t\t<i aria-hidden=\"true\" class=\"feather icon-phone\"><\/i>\t\t\t\t\t\t<\/span>\n\t\t\t\t\t\t\t\t\t\t<span class=\"elementor-icon-list-text\">+36 47 312 310<\/span>\n\t\t\t\t\t\t\t\t\t\t\t<\/a>\n\t\t\t\t\t\t\t\t\t<\/li>\n\t\t\t\t\t\t\t\t<li class=\"elementor-icon-list-item\">\n\t\t\t\t\t\t\t\t\t\t\t<a href=\"\">\n\n\t\t\t\t\t\t\t\t\t\t\t\t<span class=\"elementor-icon-list-icon\">\n\t\t\t\t\t\t\t<i aria-hidden=\"true\" class=\"feather icon-mail\"><\/i>\t\t\t\t\t\t<\/span>\n\t\t\t\t\t\t\t\t\t\t<span class=\"elementor-icon-list-text\">info@pajzos.com<\/span>\n\t\t\t\t\t\t\t\t\t\t\t<\/a>\n\t\t\t\t\t\t\t\t\t<\/li>\n\t\t\t\t\t\t<\/ul>\n\t\t\t\t\t\t<\/div>\n\t\t\t\t<\/div>\n\t\t\t\t<div class=\"elementor-element elementor-element-c8382fe exad-sticky-section-no exad-glass-effect-no elementor-widget elementor-widget-text-editor\" data-id=\"c8382fe\" data-element_type=\"widget\" data-widget_type=\"text-editor.default\">\n\t\t\t\t<div class=\"elementor-widget-container\">\n\t\t\t\t\t\t\t\t\t<p>Ecrire un message<\/p>\t\t\t\t\t\t\t\t<\/div>\n\t\t\t\t<\/div>\n\t\t\t\t<div class=\"elementor-element elementor-element-58b7645 exad-sticky-section-no exad-glass-effect-no elementor-widget elementor-widget-text-editor\" data-id=\"58b7645\" data-element_type=\"widget\" data-widget_type=\"text-editor.default\">\n\t\t\t\t<div class=\"elementor-widget-container\">\n\t\t\t\t\t\t\t\t\t<p>La page est prot\u00e9g\u00e9e par reCAPTCHA<br><a href=\"#\"><span style=\"text-decoration: underline;\"><strong>Principes de s\u00e9curit\u00e9 des donn\u00e9es Google<\/strong><\/span><\/a><\/p>\t\t\t\t\t\t\t\t<\/div>\n\t\t\t\t<\/div>\n\t\t\t\t\t<\/div>\n\t\t<\/div>\n\t\t\t\t\t<\/div>\n\t\t<\/section>\n\t\t\t\t\t<\/div>\n\t\t<\/div>\n\t\t\t\t\t<\/div>\n\t\t<\/section>\n\t\t\t\t<section class=\"elementor-section elementor-top-section elementor-element elementor-element-b4eca67 elementor-section-full_width elementor-hidden-desktop elementor-hidden-tablet elementor-section-height-default elementor-section-height-default exad-glass-effect-no exad-sticky-section-no\" data-id=\"b4eca67\" data-element_type=\"section\" data-settings=\"{&quot;background_background&quot;:&quot;classic&quot;}\">\n\t\t\t\t\t\t<div class=\"elementor-container elementor-column-gap-no\">\n\t\t\t\t\t<div class=\"elementor-column elementor-col-50 elementor-top-column elementor-element elementor-element-81b1683 exad-glass-effect-no exad-sticky-section-no\" data-id=\"81b1683\" data-element_type=\"column\">\n\t\t\t<div class=\"elementor-widget-wrap elementor-element-populated\">\n\t\t\t\t\t\t<div class=\"elementor-element elementor-element-222cdf1 elementor-widget__width-inherit exad-sticky-section-no exad-glass-effect-no elementor-widget elementor-widget-google_maps\" data-id=\"222cdf1\" data-element_type=\"widget\" data-widget_type=\"google_maps.default\">\n\t\t\t\t<div class=\"elementor-widget-container\">\n\t\t\t\t\t\t\t<div class=\"elementor-custom-embed\">\n\t\t\t<iframe loading=\"lazy\"\n\t\t\t\t\tsrc=\"https:\/\/maps.google.com\/maps?q=3950%20S%C3%A1rospatak%2C%20Nagy%20Lajos%20%C3%BAt%2023-25&#038;t=m&#038;z=10&#038;output=embed&#038;iwloc=near\"\n\t\t\t\t\ttitle=\"3950 S\u00e1rospatak, Nagy Lajos \u00fat 23-25\"\n\t\t\t\t\taria-label=\"3950 S\u00e1rospatak, Nagy Lajos \u00fat 23-25\"\n\t\t\t><\/iframe>\n\t\t<\/div>\n\t\t\t\t\t\t<\/div>\n\t\t\t\t<\/div>\n\t\t\t\t\t<\/div>\n\t\t<\/div>\n\t\t\t\t<div class=\"elementor-column elementor-col-50 elementor-top-column elementor-element elementor-element-aea5ae1 exad-glass-effect-no exad-sticky-section-no\" data-id=\"aea5ae1\" data-element_type=\"column\">\n\t\t\t<div class=\"elementor-widget-wrap elementor-element-populated\">\n\t\t\t\t\t\t<div class=\"elementor-element elementor-element-157fda4 exad-sticky-section-no exad-glass-effect-no elementor-widget elementor-widget-image\" data-id=\"157fda4\" data-element_type=\"widget\" data-widget_type=\"image.default\">\n\t\t\t\t<div class=\"elementor-widget-container\">\n\t\t\t\t\t\t\t\t\t\t\t\t\t\t\t<img fetchpriority=\"high\" decoding=\"async\" width=\"800\" height=\"800\" src=\"https:\/\/pajzos.com\/wp-content\/uploads\/2022\/05\/section-divider-corrected.svg\" class=\"attachment-large size-large wp-image-2333\" alt=\"\" \/>\t\t\t\t\t\t\t\t\t\t\t\t\t\t\t<\/div>\n\t\t\t\t<\/div>\n\t\t\t\t\t<\/div>\n\t\t<\/div>\n\t\t\t\t\t<\/div>\n\t\t<\/section>\n\t\t\t\t<section class=\"elementor-section elementor-top-section elementor-element elementor-element-2b1a461 elementor-section-boxed elementor-section-height-default elementor-section-height-default exad-glass-effect-no exad-sticky-section-no\" data-id=\"2b1a461\" data-element_type=\"section\">\n\t\t\t\t\t\t<div class=\"elementor-container elementor-column-gap-default\">\n\t\t\t\t\t<div class=\"elementor-column elementor-col-100 elementor-top-column elementor-element elementor-element-84212b2 exad-glass-effect-no exad-sticky-section-no\" data-id=\"84212b2\" data-element_type=\"column\">\n\t\t\t<div class=\"elementor-widget-wrap elementor-element-populated\">\n\t\t\t\t\t\t<section class=\"elementor-section elementor-inner-section elementor-element elementor-element-615175d elementor-section-boxed elementor-section-height-default elementor-section-height-default exad-glass-effect-no exad-sticky-section-no\" data-id=\"615175d\" data-element_type=\"section\">\n\t\t\t\t\t\t<div class=\"elementor-container elementor-column-gap-default\">\n\t\t\t\t\t<div class=\"elementor-column elementor-col-50 elementor-inner-column elementor-element elementor-element-cc83aa3 exad-glass-effect-no exad-sticky-section-no\" data-id=\"cc83aa3\" data-element_type=\"column\">\n\t\t\t<div class=\"elementor-widget-wrap elementor-element-populated\">\n\t\t\t\t\t\t<div class=\"elementor-element elementor-element-e2f2b89 exad-sticky-section-no exad-glass-effect-no elementor-widget elementor-widget-text-editor\" data-id=\"e2f2b89\" data-element_type=\"widget\" data-widget_type=\"text-editor.default\">\n\t\t\t\t<div class=\"elementor-widget-container\">\n\t\t\t\t\t\t\t\t\t<p>L&rsquo;union fait la force<\/p>\t\t\t\t\t\t\t\t<\/div>\n\t\t\t\t<\/div>\n\t\t\t\t<div class=\"elementor-element elementor-element-6ba3cc8 exad-sticky-section-no exad-glass-effect-no elementor-widget elementor-widget-heading\" data-id=\"6ba3cc8\" data-element_type=\"widget\" data-widget_type=\"heading.default\">\n\t\t\t\t<div class=\"elementor-widget-container\">\n\t\t\t\t\t<h2 class=\"elementor-heading-title elementor-size-default\">L'\u00e9quipe<\/h2>\t\t\t\t<\/div>\n\t\t\t\t<\/div>\n\t\t\t\t<div class=\"elementor-element elementor-element-a4f0985 exad-sticky-section-no exad-glass-effect-no elementor-widget elementor-widget-text-editor\" data-id=\"a4f0985\" data-element_type=\"widget\" data-widget_type=\"text-editor.default\">\n\t\t\t\t<div class=\"elementor-widget-container\">\n\t\t\t\t\t\t\t\t\t<p>Toute l\u2019\u00e9quipe de Pajzos est engag\u00e9e pour que nous garantissions \u00e1 nos consommateurs ann\u00e9e apr\u00e8s ann\u00e9e, comme ils s\u2019y sont habitu\u00e9s, la meilleure qualit\u00e9 de vins \u00e9labor\u00e9s avec la meilleure qualit\u00e9 de raisins possible, et ce dans le plus de points de vente possible.<\/p>\t\t\t\t\t\t\t\t<\/div>\n\t\t\t\t<\/div>\n\t\t\t\t\t<\/div>\n\t\t<\/div>\n\t\t\t\t<div class=\"elementor-column elementor-col-50 elementor-inner-column elementor-element elementor-element-0606159 exad-glass-effect-no exad-sticky-section-no\" data-id=\"0606159\" data-element_type=\"column\">\n\t\t\t<div class=\"elementor-widget-wrap\">\n\t\t\t\t\t\t\t<\/div>\n\t\t<\/div>\n\t\t\t\t\t<\/div>\n\t\t<\/section>\n\t\t\t\t\t<\/div>\n\t\t<\/div>\n\t\t\t\t\t<\/div>\n\t\t<\/section>\n\t\t\t\t<section class=\"elementor-section elementor-top-section elementor-element elementor-element-c233f11 elementor-section-boxed elementor-section-height-default elementor-section-height-default exad-glass-effect-no exad-sticky-section-no\" data-id=\"c233f11\" data-element_type=\"section\">\n\t\t\t\t\t\t<div class=\"elementor-container elementor-column-gap-default\">\n\t\t\t\t\t<div class=\"elementor-column elementor-col-100 elementor-top-column elementor-element elementor-element-37f4ddc exad-glass-effect-no exad-sticky-section-no\" data-id=\"37f4ddc\" data-element_type=\"column\">\n\t\t\t<div class=\"elementor-widget-wrap\">\n\t\t\t\t\t\t\t<\/div>\n\t\t<\/div>\n\t\t\t\t\t<\/div>\n\t\t<\/section>\n\t\t\t\t<\/div>\n\t\t","protected":false},"excerpt":{"rendered":"<p>Contactez-nous ! 3950 S\u00e1rospatak, Nagy Lajos \u00fat 23-25. +36 47 312 310 info@pajzos.com Ecrire un message La page est prot\u00e9g\u00e9e par reCAPTCHAPrincipes de s\u00e9curit\u00e9 des donn\u00e9es Google L&rsquo;union fait la force L&rsquo;\u00e9quipe Toute l\u2019\u00e9quipe de Pajzos est engag\u00e9e pour que nous garantissions \u00e1 nos consommateurs ann\u00e9e apr\u00e8s ann\u00e9e, comme ils s\u2019y sont habitu\u00e9s, la meilleure [&hellip;]<\/p>\n","protected":false},"author":1,"featured_media":0,"parent":0,"menu_order":0,"comment_status":"closed","ping_status":"closed","template":"","meta":{"_acf_changed":false,"inline_featured_image":false,"footnotes":""},"class_list":["post-4239","page","type-page","status-publish","hentry"],"acf":[],"yoast_head":"<!-- This site is optimized with the Yoast SEO plugin v27.5 - https:\/\/yoast.com\/product\/yoast-seo-wordpress\/ -->\n<title>Contact - Pajzos Tokaj<\/title>\n<meta name=\"robots\" content=\"index, follow, max-snippet:-1, max-image-preview:large, max-video-preview:-1\" \/>\n<link rel=\"canonical\" href=\"http:\/\/pajzos.com\/fr\/contact\/\" \/>\n<meta property=\"og:locale\" content=\"fr_FR\" \/>\n<meta property=\"og:type\" content=\"article\" \/>\n<meta property=\"og:title\" content=\"Contact - Pajzos Tokaj\" \/>\n<meta property=\"og:description\" content=\"Contactez-nous ! 3950 S\u00e1rospatak, Nagy Lajos \u00fat 23-25. +36 47 312 310 info@pajzos.com Ecrire un message La page est prot\u00e9g\u00e9e par reCAPTCHAPrincipes de s\u00e9curit\u00e9 des donn\u00e9es Google L&rsquo;union fait la force L&rsquo;\u00e9quipe Toute l\u2019\u00e9quipe de Pajzos est engag\u00e9e pour que nous garantissions \u00e1 nos consommateurs ann\u00e9e apr\u00e8s ann\u00e9e, comme ils s\u2019y sont habitu\u00e9s, la meilleure [&hellip;]\" \/>\n<meta property=\"og:url\" content=\"http:\/\/pajzos.com\/fr\/contact\/\" \/>\n<meta property=\"og:site_name\" content=\"Pajzos Tokaj\" \/>\n<meta property=\"article:publisher\" content=\"https:\/\/www.facebook.com\/pajzoswinery\/\" \/>\n<meta property=\"article:modified_time\" content=\"2023-06-21T09:41:05+00:00\" \/>\n<meta property=\"og:image\" content=\"https:\/\/pajzos-megyer.com\/wp-content\/uploads\/2022\/05\/section-divider-corrected.svg\" \/>\n<meta name=\"twitter:card\" content=\"summary_large_image\" \/>\n<script type=\"application\/ld+json\" class=\"yoast-schema-graph\">{\"@context\":\"https:\\\/\\\/schema.org\",\"@graph\":[{\"@type\":\"WebPage\",\"@id\":\"http:\\\/\\\/pajzos.com\\\/fr\\\/contact\\\/\",\"url\":\"http:\\\/\\\/pajzos.com\\\/fr\\\/contact\\\/\",\"name\":\"Contact - Pajzos Tokaj\",\"isPartOf\":{\"@id\":\"https:\\\/\\\/pajzos.com\\\/#website\"},\"primaryImageOfPage\":{\"@id\":\"http:\\\/\\\/pajzos.com\\\/fr\\\/contact\\\/#primaryimage\"},\"image\":{\"@id\":\"http:\\\/\\\/pajzos.com\\\/fr\\\/contact\\\/#primaryimage\"},\"thumbnailUrl\":\"https:\\\/\\\/pajzos.com\\\/wp-content\\\/uploads\\\/2022\\\/05\\\/section-divider-corrected.svg\",\"datePublished\":\"2022-07-22T09:52:46+00:00\",\"dateModified\":\"2023-06-21T09:41:05+00:00\",\"inLanguage\":\"fr-FR\",\"potentialAction\":[{\"@type\":\"ReadAction\",\"target\":[\"http:\\\/\\\/pajzos.com\\\/fr\\\/contact\\\/\"]}]},{\"@type\":\"ImageObject\",\"inLanguage\":\"fr-FR\",\"@id\":\"http:\\\/\\\/pajzos.com\\\/fr\\\/contact\\\/#primaryimage\",\"url\":\"https:\\\/\\\/pajzos.com\\\/wp-content\\\/uploads\\\/2022\\\/05\\\/section-divider-corrected.svg\",\"contentUrl\":\"https:\\\/\\\/pajzos.com\\\/wp-content\\\/uploads\\\/2022\\\/05\\\/section-divider-corrected.svg\"},{\"@type\":\"WebSite\",\"@id\":\"https:\\\/\\\/pajzos.com\\\/#website\",\"url\":\"https:\\\/\\\/pajzos.com\\\/\",\"name\":\"Pajzos Tokaj\",\"description\":\"Pajzos Tokaj Bor\u00e1szat\",\"publisher\":{\"@id\":\"https:\\\/\\\/pajzos.com\\\/#organization\"},\"potentialAction\":[{\"@type\":\"SearchAction\",\"target\":{\"@type\":\"EntryPoint\",\"urlTemplate\":\"https:\\\/\\\/pajzos.com\\\/?s={search_term_string}\"},\"query-input\":{\"@type\":\"PropertyValueSpecification\",\"valueRequired\":true,\"valueName\":\"search_term_string\"}}],\"inLanguage\":\"fr-FR\"},{\"@type\":\"Organization\",\"@id\":\"https:\\\/\\\/pajzos.com\\\/#organization\",\"name\":\"Pajzos Tokaj\",\"url\":\"https:\\\/\\\/pajzos.com\\\/\",\"logo\":{\"@type\":\"ImageObject\",\"inLanguage\":\"fr-FR\",\"@id\":\"https:\\\/\\\/pajzos.com\\\/#\\\/schema\\\/logo\\\/image\\\/\",\"url\":\"https:\\\/\\\/pajzos.com\\\/wp-content\\\/uploads\\\/2022\\\/05\\\/cropped-cropped-logo.final_.01.png\",\"contentUrl\":\"https:\\\/\\\/pajzos.com\\\/wp-content\\\/uploads\\\/2022\\\/05\\\/cropped-cropped-logo.final_.01.png\",\"width\":512,\"height\":512,\"caption\":\"Pajzos Tokaj\"},\"image\":{\"@id\":\"https:\\\/\\\/pajzos.com\\\/#\\\/schema\\\/logo\\\/image\\\/\"},\"sameAs\":[\"https:\\\/\\\/www.facebook.com\\\/pajzoswinery\\\/\",\"https:\\\/\\\/www.instagram.com\\\/pajzostokaj\\\/\"]}]}<\/script>\n<!-- \/ Yoast SEO plugin. -->","yoast_head_json":{"title":"Contact - Pajzos Tokaj","robots":{"index":"index","follow":"follow","max-snippet":"max-snippet:-1","max-image-preview":"max-image-preview:large","max-video-preview":"max-video-preview:-1"},"canonical":"http:\/\/pajzos.com\/fr\/contact\/","og_locale":"fr_FR","og_type":"article","og_title":"Contact - Pajzos Tokaj","og_description":"Contactez-nous ! 3950 S\u00e1rospatak, Nagy Lajos \u00fat 23-25. +36 47 312 310 info@pajzos.com Ecrire un message La page est prot\u00e9g\u00e9e par reCAPTCHAPrincipes de s\u00e9curit\u00e9 des donn\u00e9es Google L&rsquo;union fait la force L&rsquo;\u00e9quipe Toute l\u2019\u00e9quipe de Pajzos est engag\u00e9e pour que nous garantissions \u00e1 nos consommateurs ann\u00e9e apr\u00e8s ann\u00e9e, comme ils s\u2019y sont habitu\u00e9s, la meilleure [&hellip;]","og_url":"http:\/\/pajzos.com\/fr\/contact\/","og_site_name":"Pajzos Tokaj","article_publisher":"https:\/\/www.facebook.com\/pajzoswinery\/","article_modified_time":"2023-06-21T09:41:05+00:00","og_image":[{"url":"https:\/\/pajzos-megyer.com\/wp-content\/uploads\/2022\/05\/section-divider-corrected.svg","type":"","width":"","height":""}],"twitter_card":"summary_large_image","schema":{"@context":"https:\/\/schema.org","@graph":[{"@type":"WebPage","@id":"http:\/\/pajzos.com\/fr\/contact\/","url":"http:\/\/pajzos.com\/fr\/contact\/","name":"Contact - Pajzos Tokaj","isPartOf":{"@id":"https:\/\/pajzos.com\/#website"},"primaryImageOfPage":{"@id":"http:\/\/pajzos.com\/fr\/contact\/#primaryimage"},"image":{"@id":"http:\/\/pajzos.com\/fr\/contact\/#primaryimage"},"thumbnailUrl":"https:\/\/pajzos.com\/wp-content\/uploads\/2022\/05\/section-divider-corrected.svg","datePublished":"2022-07-22T09:52:46+00:00","dateModified":"2023-06-21T09:41:05+00:00","inLanguage":"fr-FR","potentialAction":[{"@type":"ReadAction","target":["http:\/\/pajzos.com\/fr\/contact\/"]}]},{"@type":"ImageObject","inLanguage":"fr-FR","@id":"http:\/\/pajzos.com\/fr\/contact\/#primaryimage","url":"https:\/\/pajzos.com\/wp-content\/uploads\/2022\/05\/section-divider-corrected.svg","contentUrl":"https:\/\/pajzos.com\/wp-content\/uploads\/2022\/05\/section-divider-corrected.svg"},{"@type":"WebSite","@id":"https:\/\/pajzos.com\/#website","url":"https:\/\/pajzos.com\/","name":"Pajzos Tokaj","description":"Pajzos Tokaj Bor\u00e1szat","publisher":{"@id":"https:\/\/pajzos.com\/#organization"},"potentialAction":[{"@type":"SearchAction","target":{"@type":"EntryPoint","urlTemplate":"https:\/\/pajzos.com\/?s={search_term_string}"},"query-input":{"@type":"PropertyValueSpecification","valueRequired":true,"valueName":"search_term_string"}}],"inLanguage":"fr-FR"},{"@type":"Organization","@id":"https:\/\/pajzos.com\/#organization","name":"Pajzos Tokaj","url":"https:\/\/pajzos.com\/","logo":{"@type":"ImageObject","inLanguage":"fr-FR","@id":"https:\/\/pajzos.com\/#\/schema\/logo\/image\/","url":"https:\/\/pajzos.com\/wp-content\/uploads\/2022\/05\/cropped-cropped-logo.final_.01.png","contentUrl":"https:\/\/pajzos.com\/wp-content\/uploads\/2022\/05\/cropped-cropped-logo.final_.01.png","width":512,"height":512,"caption":"Pajzos Tokaj"},"image":{"@id":"https:\/\/pajzos.com\/#\/schema\/logo\/image\/"},"sameAs":["https:\/\/www.facebook.com\/pajzoswinery\/","https:\/\/www.instagram.com\/pajzostokaj\/"]}]}},"_links":{"self":[{"href":"https:\/\/pajzos.com\/fr\/wp-json\/wp\/v2\/pages\/4239","targetHints":{"allow":["GET"]}}],"collection":[{"href":"https:\/\/pajzos.com\/fr\/wp-json\/wp\/v2\/pages"}],"about":[{"href":"https:\/\/pajzos.com\/fr\/wp-json\/wp\/v2\/types\/page"}],"author":[{"embeddable":true,"href":"https:\/\/pajzos.com\/fr\/wp-json\/wp\/v2\/users\/1"}],"replies":[{"embeddable":true,"href":"https:\/\/pajzos.com\/fr\/wp-json\/wp\/v2\/comments?post=4239"}],"version-history":[{"count":4,"href":"https:\/\/pajzos.com\/fr\/wp-json\/wp\/v2\/pages\/4239\/revisions"}],"predecessor-version":[{"id":4988,"href":"https:\/\/pajzos.com\/fr\/wp-json\/wp\/v2\/pages\/4239\/revisions\/4988"}],"wp:attachment":[{"href":"https:\/\/pajzos.com\/fr\/wp-json\/wp\/v2\/media?parent=4239"}],"curies":[{"name":"wp","href":"https:\/\/api.w.org\/{rel}","templated":true}]}}