{"id":4225,"date":"2022-07-22T08:30:45","date_gmt":"2022-07-22T08:30:45","guid":{"rendered":"https:\/\/pajzos-megyer.com\/nous-racontons-et-nous-cuisinons\/"},"modified":"2022-07-22T08:30:47","modified_gmt":"2022-07-22T08:30:47","slug":"nous-racontons-et-nous-cuisinons","status":"publish","type":"page","link":"https:\/\/pajzos.com\/fr\/nous-racontons-et-nous-cuisinons\/","title":{"rendered":"Nous racontons et nous cuisinons"},"content":{"rendered":"\t\t<div data-elementor-type=\"wp-page\" data-elementor-id=\"4225\" class=\"elementor elementor-4225 elementor-2967\" data-elementor-post-type=\"page\">\n\t\t\t\t\t\t<section class=\"elementor-section elementor-top-section elementor-element elementor-element-784ffae elementor-section-full_width elementor-section-height-min-height elementor-section-items-stretch elementor-section-content-middle elementor-section-height-default exad-glass-effect-no exad-sticky-section-no\" data-id=\"784ffae\" data-element_type=\"section\" data-settings=\"{&quot;background_background&quot;:&quot;gradient&quot;}\">\n\t\t\t\t\t\t<div class=\"elementor-container elementor-column-gap-no\">\n\t\t\t\t\t<div class=\"elementor-column elementor-col-100 elementor-top-column elementor-element elementor-element-a07024c hero-header-column exad-glass-effect-no exad-sticky-section-no\" data-id=\"a07024c\" data-element_type=\"column\" data-settings=\"{&quot;background_background&quot;:&quot;classic&quot;}\">\n\t\t\t<div class=\"elementor-widget-wrap elementor-element-populated\">\n\t\t\t\t\t<div class=\"elementor-background-overlay\"><\/div>\n\t\t\t\t\t\t<section class=\"elementor-section elementor-inner-section elementor-element elementor-element-8cac978 elementor-section-content-bottom elementor-section-boxed elementor-section-height-default elementor-section-height-default exad-glass-effect-no exad-sticky-section-no\" data-id=\"8cac978\" data-element_type=\"section\" data-settings=\"{&quot;background_background&quot;:&quot;gradient&quot;}\">\n\t\t\t\t\t\t<div class=\"elementor-container elementor-column-gap-no\">\n\t\t\t\t\t<div class=\"elementor-column elementor-col-100 elementor-inner-column elementor-element elementor-element-136756e exad-glass-effect-no exad-sticky-section-no\" data-id=\"136756e\" data-element_type=\"column\">\n\t\t\t<div class=\"elementor-widget-wrap elementor-element-populated\">\n\t\t\t\t\t\t<div class=\"elementor-element elementor-element-7d94e1c exad-sticky-section-no exad-glass-effect-no elementor-widget elementor-widget-breadcrumbs\" data-id=\"7d94e1c\" data-element_type=\"widget\" data-widget_type=\"breadcrumbs.default\">\n\t\t\t\t<div class=\"elementor-widget-container\">\n\t\t\t\t\t<p id=\"breadcrumbs\"><\/p>\t\t\t\t<\/div>\n\t\t\t\t<\/div>\n\t\t\t\t<div class=\"elementor-element elementor-element-fda95b2 exad-sticky-section-no exad-glass-effect-no elementor-widget elementor-widget-heading\" data-id=\"fda95b2\" data-element_type=\"widget\" data-widget_type=\"heading.default\">\n\t\t\t\t<div class=\"elementor-widget-container\">\n\t\t\t\t\t<h1 class=\"elementor-heading-title elementor-size-default\">Nous racontons et nous cuisinons<\/h1>\t\t\t\t<\/div>\n\t\t\t\t<\/div>\n\t\t\t\t\t<\/div>\n\t\t<\/div>\n\t\t\t\t\t<\/div>\n\t\t<\/section>\n\t\t\t\t\t<\/div>\n\t\t<\/div>\n\t\t\t\t\t<\/div>\n\t\t<\/section>\n\t\t\t\t<section class=\"elementor-section elementor-top-section elementor-element elementor-element-54d1f02 elementor-section-boxed elementor-section-height-default elementor-section-height-default exad-glass-effect-no exad-sticky-section-no\" data-id=\"54d1f02\" data-element_type=\"section\">\n\t\t\t\t\t\t<div class=\"elementor-container elementor-column-gap-default\">\n\t\t\t\t\t<div class=\"elementor-column elementor-col-100 elementor-top-column elementor-element elementor-element-063c1b7 exad-glass-effect-no exad-sticky-section-no\" data-id=\"063c1b7\" data-element_type=\"column\">\n\t\t\t<div class=\"elementor-widget-wrap elementor-element-populated\">\n\t\t\t\t\t\t<div class=\"elementor-element elementor-element-7b4b55f exad-sticky-section-no exad-glass-effect-no elementor-invisible elementor-widget elementor-widget-exad-post-grid\" data-id=\"7b4b55f\" data-element_type=\"widget\" data-settings=\"{&quot;_animation&quot;:&quot;fadeIn&quot;}\" data-widget_type=\"exad-post-grid.default\">\n\t\t\t\t<div class=\"elementor-widget-container\">\n\t\t\t\t\t\t\t\r\n\r\n\t\t<div class=\"exad-post-grid\">\r\n\t\t\t<div class=\"exad-row-wrapper\">\r\n\t\t\t\t    \r\n\t\t\t<\/div>\r\n\t\t\t<div class=\"exad-post-grid-load-btn\">\r\n\t\t\t\t\t\t\t<\/div>\r\n\t\t<\/div>\r\n\r\n\t\t\t\t\t<\/div>\n\t\t\t\t<\/div>\n\t\t\t\t\t<\/div>\n\t\t<\/div>\n\t\t\t\t\t<\/div>\n\t\t<\/section>\n\t\t\t\t<section class=\"elementor-section elementor-top-section elementor-element elementor-element-b3b160b elementor-section-boxed elementor-section-height-default elementor-section-height-default exad-glass-effect-no exad-sticky-section-no\" data-id=\"b3b160b\" data-element_type=\"section\">\n\t\t\t\t\t\t<div class=\"elementor-container elementor-column-gap-default\">\n\t\t\t\t\t<div class=\"elementor-column elementor-col-100 elementor-top-column elementor-element elementor-element-e5e5e20 exad-glass-effect-no exad-sticky-section-no\" data-id=\"e5e5e20\" data-element_type=\"column\">\n\t\t\t<div class=\"elementor-widget-wrap elementor-element-populated\">\n\t\t\t\t\t\t<div class=\"elementor-element elementor-element-8763b46 exad-sticky-section-no exad-glass-effect-no elementor-widget elementor-widget-exad-filterable-post\" data-id=\"8763b46\" data-element_type=\"widget\" data-widget_type=\"exad-filterable-post.default\">\n\t\t\t\t<div class=\"elementor-widget-container\">\n\t\t\t\t\t\r\n\t\t<div class=\"exad-filterable-items exad-filterable-menu-container-align-top\" id =\"exad-filterable-filterable-id-8763b46\">\r\n\t\t\t\t\t\t<div class=\"exad-filterable-menu-container\">\r\n\t\t\t\t\t\r\n\t\t<ul class=\"exad-filterable-menu\"  >\r\n\t\t\t<li class=\"filter-item current\"  data-filter=\"*\">\r\n\t\t\t\tTout\t\t\t<\/li>\r\n\t\t\t\t\t\r\n\t\t<\/ul>\r\n\t\r\n    \t\t\t<\/div>\r\n\t\t\t\t\t\t<div class=\"exad-filterable-controls\">\r\n\t\t\t\t<div class=\"filterable-post-container exad-row-wrapper exad-col-3\" id=\"filters-8763b46\">\r\n\t\t\t\t\t\t\t\t\t<\/div>\r\n\t\t\t<\/div>\r\n\t\t<\/div>\r\n    \t\t\t\t\t<\/div>\n\t\t\t\t<\/div>\n\t\t\t\t\t<\/div>\n\t\t<\/div>\n\t\t\t\t\t<\/div>\n\t\t<\/section>\n\t\t\t\t<\/div>\n\t\t","protected":false},"excerpt":{"rendered":"<p>#Aktu\u00e1lis \u00dajabb d\u00edjakkal gazdagodtunk! 2022 nyar\u00e1n h\u00e1rom borversenyre k\u00fcldt\u00fck be borainkat, ahol n\u00e9gy nagyarany \u00e9s n\u00e9gy arany \u00e9remmel gazdagodott a Pajzos Tokaj bor\u00e1szata! Lire plus Tout #Aktu\u00e1lis #Aktu\u00e1lis \u00dajabb d\u00edjakkal gazdagodtunk! Suivant #Aktu\u00e1lis Palingen\u00e9zis #2: marketingstrat\u00e9gia \u00faj\u00edt\u00e1s Suivant #Aktu\u00e1lis Palingen\u00e9zis #1: marketingstrat\u00e9gia \u00faj\u00edt\u00e1s Suivant<\/p>\n","protected":false},"author":1,"featured_media":0,"parent":0,"menu_order":0,"comment_status":"closed","ping_status":"closed","template":"","meta":{"_acf_changed":false,"inline_featured_image":false,"footnotes":""},"class_list":["post-4225","page","type-page","status-publish","hentry"],"acf":[],"yoast_head":"<!-- This site is optimized with the Yoast SEO plugin v26.6 - https:\/\/yoast.com\/wordpress\/plugins\/seo\/ -->\n<title>Nous racontons et nous cuisinons - Pajzos Tokaj<\/title>\n<meta name=\"robots\" content=\"index, follow, max-snippet:-1, max-image-preview:large, max-video-preview:-1\" \/>\n<link rel=\"canonical\" href=\"http:\/\/pajzos.com\/fr\/nous-racontons-et-nous-cuisinons\/\" \/>\n<meta property=\"og:locale\" content=\"fr_FR\" \/>\n<meta property=\"og:type\" content=\"article\" \/>\n<meta property=\"og:title\" content=\"Nous racontons et nous cuisinons - Pajzos Tokaj\" \/>\n<meta property=\"og:description\" content=\"#Aktu\u00e1lis \u00dajabb d\u00edjakkal gazdagodtunk! 2022 nyar\u00e1n h\u00e1rom borversenyre k\u00fcldt\u00fck be borainkat, ahol n\u00e9gy nagyarany \u00e9s n\u00e9gy arany \u00e9remmel gazdagodott a Pajzos Tokaj bor\u00e1szata! Lire plus Tout #Aktu\u00e1lis #Aktu\u00e1lis \u00dajabb d\u00edjakkal gazdagodtunk! Suivant #Aktu\u00e1lis Palingen\u00e9zis #2: marketingstrat\u00e9gia \u00faj\u00edt\u00e1s Suivant #Aktu\u00e1lis Palingen\u00e9zis #1: marketingstrat\u00e9gia \u00faj\u00edt\u00e1s Suivant\" \/>\n<meta property=\"og:url\" content=\"http:\/\/pajzos.com\/fr\/nous-racontons-et-nous-cuisinons\/\" \/>\n<meta property=\"og:site_name\" content=\"Pajzos Tokaj\" \/>\n<meta property=\"article:publisher\" content=\"https:\/\/www.facebook.com\/pajzoswinery\/\" \/>\n<meta property=\"article:modified_time\" content=\"2022-07-22T08:30:47+00:00\" \/>\n<meta property=\"og:image\" content=\"https:\/\/pajzos-megyer.com\/wp-content\/uploads\/2022\/07\/blog3.kep_-768x403.png\" \/>\n<meta name=\"twitter:card\" content=\"summary_large_image\" \/>\n<script type=\"application\/ld+json\" class=\"yoast-schema-graph\">{\"@context\":\"https:\/\/schema.org\",\"@graph\":[{\"@type\":\"WebPage\",\"@id\":\"http:\/\/pajzos.com\/fr\/nous-racontons-et-nous-cuisinons\/\",\"url\":\"http:\/\/pajzos.com\/fr\/nous-racontons-et-nous-cuisinons\/\",\"name\":\"Nous racontons et nous cuisinons - Pajzos Tokaj\",\"isPartOf\":{\"@id\":\"https:\/\/pajzos.com\/#website\"},\"primaryImageOfPage\":{\"@id\":\"http:\/\/pajzos.com\/fr\/nous-racontons-et-nous-cuisinons\/#primaryimage\"},\"image\":{\"@id\":\"http:\/\/pajzos.com\/fr\/nous-racontons-et-nous-cuisinons\/#primaryimage\"},\"thumbnailUrl\":\"https:\/\/pajzos-megyer.com\/wp-content\/uploads\/2022\/07\/blog3.kep_-768x403.png\",\"datePublished\":\"2022-07-22T08:30:45+00:00\",\"dateModified\":\"2022-07-22T08:30:47+00:00\",\"inLanguage\":\"fr-FR\",\"potentialAction\":[{\"@type\":\"ReadAction\",\"target\":[\"http:\/\/pajzos.com\/fr\/nous-racontons-et-nous-cuisinons\/\"]}]},{\"@type\":\"ImageObject\",\"inLanguage\":\"fr-FR\",\"@id\":\"http:\/\/pajzos.com\/fr\/nous-racontons-et-nous-cuisinons\/#primaryimage\",\"url\":\"https:\/\/pajzos-megyer.com\/wp-content\/uploads\/2022\/07\/blog3.kep_-768x403.png\",\"contentUrl\":\"https:\/\/pajzos-megyer.com\/wp-content\/uploads\/2022\/07\/blog3.kep_-768x403.png\"},{\"@type\":\"WebSite\",\"@id\":\"https:\/\/pajzos.com\/#website\",\"url\":\"https:\/\/pajzos.com\/\",\"name\":\"Pajzos Tokaj\",\"description\":\"Pajzos Tokaj Bor\u00e1szat\",\"publisher\":{\"@id\":\"https:\/\/pajzos.com\/#organization\"},\"potentialAction\":[{\"@type\":\"SearchAction\",\"target\":{\"@type\":\"EntryPoint\",\"urlTemplate\":\"https:\/\/pajzos.com\/?s={search_term_string}\"},\"query-input\":{\"@type\":\"PropertyValueSpecification\",\"valueRequired\":true,\"valueName\":\"search_term_string\"}}],\"inLanguage\":\"fr-FR\"},{\"@type\":\"Organization\",\"@id\":\"https:\/\/pajzos.com\/#organization\",\"name\":\"Pajzos Tokaj\",\"url\":\"https:\/\/pajzos.com\/\",\"logo\":{\"@type\":\"ImageObject\",\"inLanguage\":\"fr-FR\",\"@id\":\"https:\/\/pajzos.com\/#\/schema\/logo\/image\/\",\"url\":\"https:\/\/pajzos.com\/wp-content\/uploads\/2022\/05\/cropped-cropped-logo.final_.01.png\",\"contentUrl\":\"https:\/\/pajzos.com\/wp-content\/uploads\/2022\/05\/cropped-cropped-logo.final_.01.png\",\"width\":512,\"height\":512,\"caption\":\"Pajzos Tokaj\"},\"image\":{\"@id\":\"https:\/\/pajzos.com\/#\/schema\/logo\/image\/\"},\"sameAs\":[\"https:\/\/www.facebook.com\/pajzoswinery\/\",\"https:\/\/www.instagram.com\/pajzostokaj\/\"]}]}<\/script>\n<!-- \/ Yoast SEO plugin. -->","yoast_head_json":{"title":"Nous racontons et nous cuisinons - Pajzos Tokaj","robots":{"index":"index","follow":"follow","max-snippet":"max-snippet:-1","max-image-preview":"max-image-preview:large","max-video-preview":"max-video-preview:-1"},"canonical":"http:\/\/pajzos.com\/fr\/nous-racontons-et-nous-cuisinons\/","og_locale":"fr_FR","og_type":"article","og_title":"Nous racontons et nous cuisinons - Pajzos Tokaj","og_description":"#Aktu\u00e1lis \u00dajabb d\u00edjakkal gazdagodtunk! 2022 nyar\u00e1n h\u00e1rom borversenyre k\u00fcldt\u00fck be borainkat, ahol n\u00e9gy nagyarany \u00e9s n\u00e9gy arany \u00e9remmel gazdagodott a Pajzos Tokaj bor\u00e1szata! Lire plus Tout #Aktu\u00e1lis #Aktu\u00e1lis \u00dajabb d\u00edjakkal gazdagodtunk! Suivant #Aktu\u00e1lis Palingen\u00e9zis #2: marketingstrat\u00e9gia \u00faj\u00edt\u00e1s Suivant #Aktu\u00e1lis Palingen\u00e9zis #1: marketingstrat\u00e9gia \u00faj\u00edt\u00e1s Suivant","og_url":"http:\/\/pajzos.com\/fr\/nous-racontons-et-nous-cuisinons\/","og_site_name":"Pajzos Tokaj","article_publisher":"https:\/\/www.facebook.com\/pajzoswinery\/","article_modified_time":"2022-07-22T08:30:47+00:00","og_image":[{"url":"https:\/\/pajzos-megyer.com\/wp-content\/uploads\/2022\/07\/blog3.kep_-768x403.png","type":"","width":"","height":""}],"twitter_card":"summary_large_image","schema":{"@context":"https:\/\/schema.org","@graph":[{"@type":"WebPage","@id":"http:\/\/pajzos.com\/fr\/nous-racontons-et-nous-cuisinons\/","url":"http:\/\/pajzos.com\/fr\/nous-racontons-et-nous-cuisinons\/","name":"Nous racontons et nous cuisinons - Pajzos Tokaj","isPartOf":{"@id":"https:\/\/pajzos.com\/#website"},"primaryImageOfPage":{"@id":"http:\/\/pajzos.com\/fr\/nous-racontons-et-nous-cuisinons\/#primaryimage"},"image":{"@id":"http:\/\/pajzos.com\/fr\/nous-racontons-et-nous-cuisinons\/#primaryimage"},"thumbnailUrl":"https:\/\/pajzos-megyer.com\/wp-content\/uploads\/2022\/07\/blog3.kep_-768x403.png","datePublished":"2022-07-22T08:30:45+00:00","dateModified":"2022-07-22T08:30:47+00:00","inLanguage":"fr-FR","potentialAction":[{"@type":"ReadAction","target":["http:\/\/pajzos.com\/fr\/nous-racontons-et-nous-cuisinons\/"]}]},{"@type":"ImageObject","inLanguage":"fr-FR","@id":"http:\/\/pajzos.com\/fr\/nous-racontons-et-nous-cuisinons\/#primaryimage","url":"https:\/\/pajzos-megyer.com\/wp-content\/uploads\/2022\/07\/blog3.kep_-768x403.png","contentUrl":"https:\/\/pajzos-megyer.com\/wp-content\/uploads\/2022\/07\/blog3.kep_-768x403.png"},{"@type":"WebSite","@id":"https:\/\/pajzos.com\/#website","url":"https:\/\/pajzos.com\/","name":"Pajzos Tokaj","description":"Pajzos Tokaj Bor\u00e1szat","publisher":{"@id":"https:\/\/pajzos.com\/#organization"},"potentialAction":[{"@type":"SearchAction","target":{"@type":"EntryPoint","urlTemplate":"https:\/\/pajzos.com\/?s={search_term_string}"},"query-input":{"@type":"PropertyValueSpecification","valueRequired":true,"valueName":"search_term_string"}}],"inLanguage":"fr-FR"},{"@type":"Organization","@id":"https:\/\/pajzos.com\/#organization","name":"Pajzos Tokaj","url":"https:\/\/pajzos.com\/","logo":{"@type":"ImageObject","inLanguage":"fr-FR","@id":"https:\/\/pajzos.com\/#\/schema\/logo\/image\/","url":"https:\/\/pajzos.com\/wp-content\/uploads\/2022\/05\/cropped-cropped-logo.final_.01.png","contentUrl":"https:\/\/pajzos.com\/wp-content\/uploads\/2022\/05\/cropped-cropped-logo.final_.01.png","width":512,"height":512,"caption":"Pajzos Tokaj"},"image":{"@id":"https:\/\/pajzos.com\/#\/schema\/logo\/image\/"},"sameAs":["https:\/\/www.facebook.com\/pajzoswinery\/","https:\/\/www.instagram.com\/pajzostokaj\/"]}]}},"_links":{"self":[{"href":"https:\/\/pajzos.com\/fr\/wp-json\/wp\/v2\/pages\/4225","targetHints":{"allow":["GET"]}}],"collection":[{"href":"https:\/\/pajzos.com\/fr\/wp-json\/wp\/v2\/pages"}],"about":[{"href":"https:\/\/pajzos.com\/fr\/wp-json\/wp\/v2\/types\/page"}],"author":[{"embeddable":true,"href":"https:\/\/pajzos.com\/fr\/wp-json\/wp\/v2\/users\/1"}],"replies":[{"embeddable":true,"href":"https:\/\/pajzos.com\/fr\/wp-json\/wp\/v2\/comments?post=4225"}],"version-history":[{"count":1,"href":"https:\/\/pajzos.com\/fr\/wp-json\/wp\/v2\/pages\/4225\/revisions"}],"predecessor-version":[{"id":4226,"href":"https:\/\/pajzos.com\/fr\/wp-json\/wp\/v2\/pages\/4225\/revisions\/4226"}],"wp:attachment":[{"href":"https:\/\/pajzos.com\/fr\/wp-json\/wp\/v2\/media?parent=4225"}],"curies":[{"name":"wp","href":"https:\/\/api.w.org\/{rel}","templated":true}]}}