{"id":4031,"date":"2022-07-13T07:18:30","date_gmt":"2022-07-13T07:18:30","guid":{"rendered":"https:\/\/pajzos-megyer.com\/notre-futur\/"},"modified":"2022-07-21T09:27:42","modified_gmt":"2022-07-21T09:27:42","slug":"notre-futur","status":"publish","type":"page","link":"https:\/\/pajzos.com\/fr\/notre-futur\/","title":{"rendered":"Notre Futur"},"content":{"rendered":"\t\t<div data-elementor-type=\"wp-page\" data-elementor-id=\"4031\" class=\"elementor elementor-4031 elementor-859\" data-elementor-post-type=\"page\">\n\t\t\t\t\t\t<section class=\"elementor-section elementor-top-section elementor-element elementor-element-8126398 elementor-section-full_width elementor-section-height-min-height elementor-section-items-stretch elementor-section-content-middle elementor-section-height-default exad-glass-effect-no exad-sticky-section-no\" data-id=\"8126398\" data-element_type=\"section\" data-settings=\"{&quot;background_background&quot;:&quot;classic&quot;}\">\n\t\t\t\t\t\t<div class=\"elementor-container elementor-column-gap-no\">\n\t\t\t\t\t<div class=\"elementor-column elementor-col-100 elementor-top-column elementor-element elementor-element-28e988e hero-header-column exad-glass-effect-no exad-sticky-section-no\" data-id=\"28e988e\" data-element_type=\"column\" data-settings=\"{&quot;background_background&quot;:&quot;classic&quot;}\">\n\t\t\t<div class=\"elementor-widget-wrap elementor-element-populated\">\n\t\t\t\t\t<div class=\"elementor-background-overlay\"><\/div>\n\t\t\t\t\t\t<section class=\"elementor-section elementor-inner-section elementor-element elementor-element-5207cbf elementor-section-content-bottom elementor-section-boxed elementor-section-height-default elementor-section-height-default exad-glass-effect-no exad-sticky-section-no\" data-id=\"5207cbf\" data-element_type=\"section\" data-settings=\"{&quot;background_background&quot;:&quot;gradient&quot;}\">\n\t\t\t\t\t\t<div class=\"elementor-container elementor-column-gap-no\">\n\t\t\t\t\t<div class=\"elementor-column elementor-col-50 elementor-inner-column elementor-element elementor-element-9096c5d exad-glass-effect-no exad-sticky-section-no\" data-id=\"9096c5d\" data-element_type=\"column\">\n\t\t\t<div class=\"elementor-widget-wrap elementor-element-populated\">\n\t\t\t\t\t\t<div class=\"elementor-element elementor-element-2e1871d exad-sticky-section-no exad-glass-effect-no elementor-widget elementor-widget-breadcrumbs\" data-id=\"2e1871d\" data-element_type=\"widget\" data-widget_type=\"breadcrumbs.default\">\n\t\t\t\t<div class=\"elementor-widget-container\">\n\t\t\t\t\t<p id=\"breadcrumbs\"><\/p>\t\t\t\t<\/div>\n\t\t\t\t<\/div>\n\t\t\t\t<div class=\"elementor-element elementor-element-bea0900 exad-sticky-section-no exad-glass-effect-no elementor-widget elementor-widget-heading\" data-id=\"bea0900\" data-element_type=\"widget\" data-widget_type=\"heading.default\">\n\t\t\t\t<div class=\"elementor-widget-container\">\n\t\t\t\t\t<h1 class=\"elementor-heading-title elementor-size-default\">Notre Futur<\/h1>\t\t\t\t<\/div>\n\t\t\t\t<\/div>\n\t\t\t\t\t<\/div>\n\t\t<\/div>\n\t\t\t\t<div class=\"elementor-column elementor-col-50 elementor-inner-column elementor-element elementor-element-fb501a0 exad-glass-effect-no exad-sticky-section-no\" data-id=\"fb501a0\" data-element_type=\"column\">\n\t\t\t<div class=\"elementor-widget-wrap elementor-element-populated\">\n\t\t\t\t\t\t<div class=\"elementor-element elementor-element-ec67d64 elementor-widget__width-auto exad-sticky-section-no exad-glass-effect-no elementor-widget elementor-widget-heading\" data-id=\"ec67d64\" data-element_type=\"widget\" data-widget_type=\"heading.default\">\n\t\t\t\t<div class=\"elementor-widget-container\">\n\t\t\t\t\t<span class=\"elementor-heading-title elementor-size-default\">Ecoute !<\/span>\t\t\t\t<\/div>\n\t\t\t\t<\/div>\n\t\t\t\t<div class=\"elementor-element elementor-element-193d5a4 elementor-hidden-mobile exad-sticky-section-no exad-glass-effect-no elementor-widget elementor-widget-wp-widget-media_audio\" data-id=\"193d5a4\" data-element_type=\"widget\" data-widget_type=\"wp-widget-media_audio.default\">\n\t\t\t\t<div class=\"elementor-widget-container\">\n\t\t\t\t\t<audio class=\"wp-audio-shortcode\" id=\"audio-4031-1\" preload=\"none\" style=\"width: 100%;\" controls=\"controls\"><source type=\"audio\/mpeg\" src=\"https:\/\/pajzos.com\/wp-content\/uploads\/2022\/07\/3-Jovonk.mp3?_=1\" \/><source type=\"audio\/mpeg\" src=\"https:\/\/pajzos.com\/wp-content\/uploads\/2022\/07\/3-Jovonk.mp3?_=1\" \/><a href=\"https:\/\/pajzos.com\/wp-content\/uploads\/2022\/07\/3-Jovonk.mp3\">https:\/\/pajzos.com\/wp-content\/uploads\/2022\/07\/3-Jovonk.mp3<\/a><\/audio>\t\t\t\t<\/div>\n\t\t\t\t<\/div>\n\t\t\t\t\t<\/div>\n\t\t<\/div>\n\t\t\t\t\t<\/div>\n\t\t<\/section>\n\t\t\t\t\t<\/div>\n\t\t<\/div>\n\t\t\t\t\t<\/div>\n\t\t<\/section>\n\t\t\t\t<section class=\"elementor-section elementor-top-section elementor-element elementor-element-e5b6ecb elementor-hidden-desktop elementor-hidden-tablet elementor-section-boxed elementor-section-height-default elementor-section-height-default exad-glass-effect-no exad-sticky-section-no\" data-id=\"e5b6ecb\" data-element_type=\"section\">\n\t\t\t\t\t\t<div class=\"elementor-container elementor-column-gap-default\">\n\t\t\t\t\t<div class=\"elementor-column elementor-col-100 elementor-top-column elementor-element elementor-element-b7cec15 exad-glass-effect-no exad-sticky-section-no\" data-id=\"b7cec15\" data-element_type=\"column\">\n\t\t\t<div class=\"elementor-widget-wrap elementor-element-populated\">\n\t\t\t\t\t\t<div class=\"elementor-element elementor-element-209a904 elementor-widget__width-auto exad-sticky-section-no exad-glass-effect-no elementor-widget elementor-widget-heading\" data-id=\"209a904\" data-element_type=\"widget\" data-widget_type=\"heading.default\">\n\t\t\t\t<div class=\"elementor-widget-container\">\n\t\t\t\t\t<span class=\"elementor-heading-title elementor-size-default\">Ecoute !<\/span>\t\t\t\t<\/div>\n\t\t\t\t<\/div>\n\t\t\t\t<div class=\"elementor-element elementor-element-249cf6e elementor-hidden-desktop exad-sticky-section-no exad-glass-effect-no elementor-widget elementor-widget-wp-widget-media_audio\" data-id=\"249cf6e\" data-element_type=\"widget\" data-widget_type=\"wp-widget-media_audio.default\">\n\t\t\t\t<div class=\"elementor-widget-container\">\n\t\t\t\t\t<audio class=\"wp-audio-shortcode\" id=\"audio-4031-2\" preload=\"none\" style=\"width: 100%;\" controls=\"controls\"><source type=\"audio\/mpeg\" src=\"https:\/\/pajzos.com\/wp-content\/uploads\/2022\/07\/3-Jovonk.mp3?_=2\" \/><source type=\"audio\/mpeg\" src=\"https:\/\/pajzos.com\/wp-content\/uploads\/2022\/07\/3-Jovonk.mp3?_=2\" \/><a href=\"https:\/\/pajzos.com\/wp-content\/uploads\/2022\/07\/3-Jovonk.mp3\">https:\/\/pajzos.com\/wp-content\/uploads\/2022\/07\/3-Jovonk.mp3<\/a><\/audio>\t\t\t\t<\/div>\n\t\t\t\t<\/div>\n\t\t\t\t\t<\/div>\n\t\t<\/div>\n\t\t\t\t\t<\/div>\n\t\t<\/section>\n\t\t\t\t<section class=\"elementor-section elementor-top-section elementor-element elementor-element-6b0c380 elementor-section-boxed elementor-section-height-default elementor-section-height-default exad-glass-effect-no exad-sticky-section-no\" data-id=\"6b0c380\" data-element_type=\"section\">\n\t\t\t\t\t\t<div class=\"elementor-container elementor-column-gap-default\">\n\t\t\t\t\t<div class=\"elementor-column elementor-col-100 elementor-top-column elementor-element elementor-element-4e0b339 exad-glass-effect-no exad-sticky-section-no\" data-id=\"4e0b339\" data-element_type=\"column\">\n\t\t\t<div class=\"elementor-widget-wrap elementor-element-populated\">\n\t\t\t\t\t\t<div class=\"elementor-element elementor-element-54590ed exad-sticky-section-no exad-glass-effect-no elementor-widget elementor-widget-text-editor\" data-id=\"54590ed\" data-element_type=\"widget\" data-widget_type=\"text-editor.default\">\n\t\t\t\t<div class=\"elementor-widget-container\">\n\t\t\t\t\t\t\t\t\t<p>En 30 ans d\u2019existence nous avons continuellement progress\u00e9, nous nous sommes am\u00e9lior\u00e9s, nous sommes devenus meilleurs. Nous ne nous reposons pas sur nos lauriers pour autant. Le monde change constamment, se renouvelle, et nous devons faire de m\u00eame si nous voulons \u00eatre performants.<br>Nous nous fixons toujours de nouveaux objectifs, nous sommes attentifs aux \u00e9volutions du march\u00e9, pour servir nos clients toujours mieux.<\/p><h4>Notre vision, notre mission, nos valeurs<\/h4><div>Notre but est de devenir le domaine de r\u00e9f\u00e9rence de la r\u00e9gion de Tokaj, capable de repr\u00e9senter, tant sur le march\u00e9 local que sur les march\u00e9s internationaux et de fa\u00e7on authentique, Tokaj, et l\u2019ensemble de ses valeurs. Pour cela nous \u00e9laborons nos vins pour que dans chaque gorg\u00e9e le style moderne ait le r\u00f4le principal, dans le respect des traditions.<\/div>\t\t\t\t\t\t\t\t<\/div>\n\t\t\t\t<\/div>\n\t\t\t\t\t<\/div>\n\t\t<\/div>\n\t\t\t\t\t<\/div>\n\t\t<\/section>\n\t\t\t\t<section class=\"elementor-section elementor-top-section elementor-element elementor-element-925491c elementor-section-boxed elementor-section-height-default elementor-section-height-default exad-glass-effect-no exad-sticky-section-no\" data-id=\"925491c\" data-element_type=\"section\">\n\t\t\t\t\t\t<div class=\"elementor-container elementor-column-gap-default\">\n\t\t\t\t\t<div class=\"elementor-column elementor-col-100 elementor-top-column elementor-element elementor-element-a60ef3b exad-glass-effect-no exad-sticky-section-no\" data-id=\"a60ef3b\" data-element_type=\"column\">\n\t\t\t<div class=\"elementor-widget-wrap elementor-element-populated\">\n\t\t\t\t\t\t<div class=\"elementor-element elementor-element-da56492 exad-sticky-section-no exad-glass-effect-no elementor-widget elementor-widget-text-editor\" data-id=\"da56492\" data-element_type=\"widget\" data-widget_type=\"text-editor.default\">\n\t\t\t\t<div class=\"elementor-widget-container\">\n\t\t\t\t\t\t\t\t\t<p>\u00ab Etre le fier ambassadeur du terroir de Tokaj \u00bb.<\/p>\t\t\t\t\t\t\t\t<\/div>\n\t\t\t\t<\/div>\n\t\t\t\t\t<\/div>\n\t\t<\/div>\n\t\t\t\t\t<\/div>\n\t\t<\/section>\n\t\t\t\t<section class=\"elementor-section elementor-top-section elementor-element elementor-element-9cfccaf elementor-section-boxed elementor-section-height-default elementor-section-height-default exad-glass-effect-no exad-sticky-section-no\" data-id=\"9cfccaf\" data-element_type=\"section\">\n\t\t\t\t\t\t<div class=\"elementor-container elementor-column-gap-default\">\n\t\t\t\t\t<div class=\"elementor-column elementor-col-100 elementor-top-column elementor-element elementor-element-efe65cf exad-glass-effect-no exad-sticky-section-no\" data-id=\"efe65cf\" data-element_type=\"column\">\n\t\t\t<div class=\"elementor-widget-wrap elementor-element-populated\">\n\t\t\t\t\t\t<div class=\"elementor-element elementor-element-b4f3920 exad-sticky-section-no exad-glass-effect-no elementor-widget elementor-widget-text-editor\" data-id=\"b4f3920\" data-element_type=\"widget\" data-widget_type=\"text-editor.default\">\n\t\t\t\t<div class=\"elementor-widget-container\">\n\t\t\t\t\t\t\t\t\t<p>Nous sommes engag\u00e9s pour \u00e9laborer des vins de grande qualit\u00e9 qui satisfassent les besoins de nos clients, et fid\u00e9liser tous les types de consommateurs aussi bien sur le march\u00e9 local, qu\u2019\u00e1 l\u2019international. <br>Notre principale valeur est de savoir respecter les traditions, tout en introduisant dans notre action quotidienne l\u2019innovation permanente, le d\u00e9veloppement durable et la prompte r\u00e9action aux changements des march\u00e9s.<\/p>\t\t\t\t\t\t\t\t<\/div>\n\t\t\t\t<\/div>\n\t\t\t\t\t<\/div>\n\t\t<\/div>\n\t\t\t\t\t<\/div>\n\t\t<\/section>\n\t\t\t\t<section class=\"elementor-section elementor-top-section elementor-element elementor-element-90e2d99 elementor-section-boxed elementor-section-height-default elementor-section-height-default exad-glass-effect-no exad-sticky-section-no\" data-id=\"90e2d99\" data-element_type=\"section\" data-settings=\"{&quot;background_background&quot;:&quot;classic&quot;}\">\n\t\t\t\t\t\t<div class=\"elementor-container elementor-column-gap-default\">\n\t\t\t\t\t<div class=\"elementor-column elementor-col-100 elementor-top-column elementor-element elementor-element-bdd5436 exad-glass-effect-no exad-sticky-section-no\" data-id=\"bdd5436\" data-element_type=\"column\">\n\t\t\t<div class=\"elementor-widget-wrap elementor-element-populated\">\n\t\t\t\t\t\t<div class=\"elementor-element elementor-element-1e76eec elementor-widget-divider--view-line exad-sticky-section-no exad-glass-effect-no elementor-widget elementor-widget-divider\" data-id=\"1e76eec\" data-element_type=\"widget\" data-widget_type=\"divider.default\">\n\t\t\t\t<div class=\"elementor-widget-container\">\n\t\t\t\t\t\t\t<div class=\"elementor-divider\">\n\t\t\t<span class=\"elementor-divider-separator\">\n\t\t\t\t\t\t<\/span>\n\t\t<\/div>\n\t\t\t\t\t\t<\/div>\n\t\t\t\t<\/div>\n\t\t\t\t\t<\/div>\n\t\t<\/div>\n\t\t\t\t\t<\/div>\n\t\t<\/section>\n\t\t\t\t<section class=\"elementor-section elementor-top-section elementor-element elementor-element-71e0782 elementor-section-boxed elementor-section-height-default elementor-section-height-default exad-glass-effect-no exad-sticky-section-no\" data-id=\"71e0782\" data-element_type=\"section\" data-settings=\"{&quot;background_background&quot;:&quot;classic&quot;}\">\n\t\t\t\t\t\t<div class=\"elementor-container elementor-column-gap-default\">\n\t\t\t\t\t<div class=\"elementor-column elementor-col-50 elementor-top-column elementor-element elementor-element-5d59374 exad-glass-effect-no exad-sticky-section-no\" data-id=\"5d59374\" data-element_type=\"column\">\n\t\t\t<div class=\"elementor-widget-wrap elementor-element-populated\">\n\t\t\t\t\t\t<div class=\"elementor-element elementor-element-164fcfc exad-sticky-section-no exad-glass-effect-no elementor-widget elementor-widget-heading\" data-id=\"164fcfc\" data-element_type=\"widget\" data-widget_type=\"heading.default\">\n\t\t\t\t<div class=\"elementor-widget-container\">\n\t\t\t\t\t<h2 class=\"elementor-heading-title elementor-size-default\">D\u00e9couvre notre histoire<\/h2>\t\t\t\t<\/div>\n\t\t\t\t<\/div>\n\t\t\t\t<div class=\"elementor-element elementor-element-d189234 exad-sticky-section-no exad-glass-effect-no elementor-widget elementor-widget-text-editor\" data-id=\"d189234\" data-element_type=\"widget\" data-widget_type=\"text-editor.default\">\n\t\t\t\t<div class=\"elementor-widget-container\">\n\t\t\t\t\t\t\t\t\t<p>Dans la r\u00e9gion de Tokaj, mondialement reconnue, naissent depuis des si\u00e8cles des vins de qualit\u00e9 exceptionnelle. Le terroir local cache encore bien des tr\u00e9sors.<\/p>\t\t\t\t\t\t\t\t<\/div>\n\t\t\t\t<\/div>\n\t\t\t\t<div class=\"elementor-element elementor-element-470a9aa exad-sticky-section-no exad-glass-effect-no elementor-widget elementor-widget-button\" data-id=\"470a9aa\" data-element_type=\"widget\" data-widget_type=\"button.default\">\n\t\t\t\t<div class=\"elementor-widget-container\">\n\t\t\t\t\t\t\t\t\t<div class=\"elementor-button-wrapper\">\n\t\t\t\t\t<a class=\"elementor-button elementor-button-link elementor-size-sm\" href=\"https:\/\/pajzos.com\/fr\/notre-passe\/\">\n\t\t\t\t\t\t<span class=\"elementor-button-content-wrapper\">\n\t\t\t\t\t\t\t\t\t<span class=\"elementor-button-text\">Voir plus<\/span>\n\t\t\t\t\t<\/span>\n\t\t\t\t\t<\/a>\n\t\t\t\t<\/div>\n\t\t\t\t\t\t\t\t<\/div>\n\t\t\t\t<\/div>\n\t\t\t\t\t<\/div>\n\t\t<\/div>\n\t\t\t\t<div class=\"elementor-column elementor-col-50 elementor-top-column elementor-element elementor-element-19a777b exad-glass-effect-no exad-sticky-section-no\" data-id=\"19a777b\" data-element_type=\"column\">\n\t\t\t<div class=\"elementor-widget-wrap elementor-element-populated\">\n\t\t\t\t\t\t<div class=\"elementor-element elementor-element-8bba5ba exad-sticky-section-no exad-glass-effect-no elementor-widget elementor-widget-heading\" data-id=\"8bba5ba\" data-element_type=\"widget\" data-widget_type=\"heading.default\">\n\t\t\t\t<div class=\"elementor-widget-container\">\n\t\t\t\t\t<h2 class=\"elementor-heading-title elementor-size-default\">Apprends sur notre pr\u00e9sent<\/h2>\t\t\t\t<\/div>\n\t\t\t\t<\/div>\n\t\t\t\t<div class=\"elementor-element elementor-element-8d51721 exad-sticky-section-no exad-glass-effect-no elementor-widget elementor-widget-text-editor\" data-id=\"8d51721\" data-element_type=\"widget\" data-widget_type=\"text-editor.default\">\n\t\t\t\t<div class=\"elementor-widget-container\">\n\t\t\t\t\t\t\t\t\tDans la r\u00e9gion de Tokaj, mondialement reconnue, naissent depuis des si\u00e8cles des vins de qualit\u00e9 exceptionnelle. Le terroir local cache encore bien des tr\u00e9sors. <br>\t\t\t\t\t\t\t\t<\/div>\n\t\t\t\t<\/div>\n\t\t\t\t<div class=\"elementor-element elementor-element-4aaacbc exad-sticky-section-no exad-glass-effect-no elementor-widget elementor-widget-button\" data-id=\"4aaacbc\" data-element_type=\"widget\" data-widget_type=\"button.default\">\n\t\t\t\t<div class=\"elementor-widget-container\">\n\t\t\t\t\t\t\t\t\t<div class=\"elementor-button-wrapper\">\n\t\t\t\t\t<a class=\"elementor-button elementor-button-link elementor-size-sm\" href=\"https:\/\/pajzos.com\/fr\/nos-vignobles\/le-vignoble-pajzos\/\">\n\t\t\t\t\t\t<span class=\"elementor-button-content-wrapper\">\n\t\t\t\t\t\t\t\t\t<span class=\"elementor-button-text\">Voir plus<\/span>\n\t\t\t\t\t<\/span>\n\t\t\t\t\t<\/a>\n\t\t\t\t<\/div>\n\t\t\t\t\t\t\t\t<\/div>\n\t\t\t\t<\/div>\n\t\t\t\t\t<\/div>\n\t\t<\/div>\n\t\t\t\t\t<\/div>\n\t\t<\/section>\n\t\t\t\t<\/div>\n\t\t","protected":false},"excerpt":{"rendered":"<p>Ecoute ! Ecoute ! En 30 ans d\u2019existence nous avons continuellement progress\u00e9, nous nous sommes am\u00e9lior\u00e9s, nous sommes devenus meilleurs. Nous ne nous reposons pas sur nos lauriers pour autant. Le monde change constamment, se renouvelle, et nous devons faire de m\u00eame si nous voulons \u00eatre performants.Nous nous fixons toujours de nouveaux objectifs, nous sommes [&hellip;]<\/p>\n","protected":false},"author":1,"featured_media":0,"parent":0,"menu_order":0,"comment_status":"closed","ping_status":"closed","template":"","meta":{"_acf_changed":false,"inline_featured_image":false,"footnotes":""},"class_list":["post-4031","page","type-page","status-publish","hentry"],"acf":[],"yoast_head":"<!-- This site is optimized with the Yoast SEO plugin v27.4 - https:\/\/yoast.com\/product\/yoast-seo-wordpress\/ -->\n<title>Notre Futur - Pajzos Tokaj<\/title>\n<meta name=\"robots\" content=\"index, follow, max-snippet:-1, max-image-preview:large, max-video-preview:-1\" \/>\n<link rel=\"canonical\" href=\"http:\/\/pajzos.com\/fr\/notre-futur\/\" \/>\n<meta property=\"og:locale\" content=\"fr_FR\" \/>\n<meta property=\"og:type\" content=\"article\" \/>\n<meta property=\"og:title\" content=\"Notre Futur - Pajzos Tokaj\" \/>\n<meta property=\"og:description\" content=\"Ecoute ! Ecoute ! En 30 ans d\u2019existence nous avons continuellement progress\u00e9, nous nous sommes am\u00e9lior\u00e9s, nous sommes devenus meilleurs. Nous ne nous reposons pas sur nos lauriers pour autant. Le monde change constamment, se renouvelle, et nous devons faire de m\u00eame si nous voulons \u00eatre performants.Nous nous fixons toujours de nouveaux objectifs, nous sommes [&hellip;]\" \/>\n<meta property=\"og:url\" content=\"http:\/\/pajzos.com\/fr\/notre-futur\/\" \/>\n<meta property=\"og:site_name\" content=\"Pajzos Tokaj\" \/>\n<meta property=\"article:publisher\" content=\"https:\/\/www.facebook.com\/pajzoswinery\/\" \/>\n<meta property=\"article:modified_time\" content=\"2022-07-21T09:27:42+00:00\" \/>\n<meta name=\"twitter:card\" content=\"summary_large_image\" \/>\n<meta name=\"twitter:label1\" content=\"Dur\u00e9e de lecture estim\u00e9e\" \/>\n\t<meta name=\"twitter:data1\" content=\"1 minute\" \/>\n<script type=\"application\/ld+json\" class=\"yoast-schema-graph\">{\"@context\":\"https:\\\/\\\/schema.org\",\"@graph\":[{\"@type\":\"WebPage\",\"@id\":\"http:\\\/\\\/pajzos.com\\\/fr\\\/notre-futur\\\/\",\"url\":\"http:\\\/\\\/pajzos.com\\\/fr\\\/notre-futur\\\/\",\"name\":\"Notre Futur - Pajzos Tokaj\",\"isPartOf\":{\"@id\":\"https:\\\/\\\/pajzos.com\\\/#website\"},\"datePublished\":\"2022-07-13T07:18:30+00:00\",\"dateModified\":\"2022-07-21T09:27:42+00:00\",\"inLanguage\":\"fr-FR\",\"potentialAction\":[{\"@type\":\"ReadAction\",\"target\":[\"http:\\\/\\\/pajzos.com\\\/fr\\\/notre-futur\\\/\"]}]},{\"@type\":\"WebSite\",\"@id\":\"https:\\\/\\\/pajzos.com\\\/#website\",\"url\":\"https:\\\/\\\/pajzos.com\\\/\",\"name\":\"Pajzos Tokaj\",\"description\":\"Pajzos Tokaj Bor\u00e1szat\",\"publisher\":{\"@id\":\"https:\\\/\\\/pajzos.com\\\/#organization\"},\"potentialAction\":[{\"@type\":\"SearchAction\",\"target\":{\"@type\":\"EntryPoint\",\"urlTemplate\":\"https:\\\/\\\/pajzos.com\\\/?s={search_term_string}\"},\"query-input\":{\"@type\":\"PropertyValueSpecification\",\"valueRequired\":true,\"valueName\":\"search_term_string\"}}],\"inLanguage\":\"fr-FR\"},{\"@type\":\"Organization\",\"@id\":\"https:\\\/\\\/pajzos.com\\\/#organization\",\"name\":\"Pajzos Tokaj\",\"url\":\"https:\\\/\\\/pajzos.com\\\/\",\"logo\":{\"@type\":\"ImageObject\",\"inLanguage\":\"fr-FR\",\"@id\":\"https:\\\/\\\/pajzos.com\\\/#\\\/schema\\\/logo\\\/image\\\/\",\"url\":\"https:\\\/\\\/pajzos.com\\\/wp-content\\\/uploads\\\/2022\\\/05\\\/cropped-cropped-logo.final_.01.png\",\"contentUrl\":\"https:\\\/\\\/pajzos.com\\\/wp-content\\\/uploads\\\/2022\\\/05\\\/cropped-cropped-logo.final_.01.png\",\"width\":512,\"height\":512,\"caption\":\"Pajzos Tokaj\"},\"image\":{\"@id\":\"https:\\\/\\\/pajzos.com\\\/#\\\/schema\\\/logo\\\/image\\\/\"},\"sameAs\":[\"https:\\\/\\\/www.facebook.com\\\/pajzoswinery\\\/\",\"https:\\\/\\\/www.instagram.com\\\/pajzostokaj\\\/\"]}]}<\/script>\n<!-- \/ Yoast SEO plugin. -->","yoast_head_json":{"title":"Notre Futur - Pajzos Tokaj","robots":{"index":"index","follow":"follow","max-snippet":"max-snippet:-1","max-image-preview":"max-image-preview:large","max-video-preview":"max-video-preview:-1"},"canonical":"http:\/\/pajzos.com\/fr\/notre-futur\/","og_locale":"fr_FR","og_type":"article","og_title":"Notre Futur - Pajzos Tokaj","og_description":"Ecoute ! Ecoute ! En 30 ans d\u2019existence nous avons continuellement progress\u00e9, nous nous sommes am\u00e9lior\u00e9s, nous sommes devenus meilleurs. Nous ne nous reposons pas sur nos lauriers pour autant. Le monde change constamment, se renouvelle, et nous devons faire de m\u00eame si nous voulons \u00eatre performants.Nous nous fixons toujours de nouveaux objectifs, nous sommes [&hellip;]","og_url":"http:\/\/pajzos.com\/fr\/notre-futur\/","og_site_name":"Pajzos Tokaj","article_publisher":"https:\/\/www.facebook.com\/pajzoswinery\/","article_modified_time":"2022-07-21T09:27:42+00:00","twitter_card":"summary_large_image","twitter_misc":{"Dur\u00e9e de lecture estim\u00e9e":"1 minute"},"schema":{"@context":"https:\/\/schema.org","@graph":[{"@type":"WebPage","@id":"http:\/\/pajzos.com\/fr\/notre-futur\/","url":"http:\/\/pajzos.com\/fr\/notre-futur\/","name":"Notre Futur - Pajzos Tokaj","isPartOf":{"@id":"https:\/\/pajzos.com\/#website"},"datePublished":"2022-07-13T07:18:30+00:00","dateModified":"2022-07-21T09:27:42+00:00","inLanguage":"fr-FR","potentialAction":[{"@type":"ReadAction","target":["http:\/\/pajzos.com\/fr\/notre-futur\/"]}]},{"@type":"WebSite","@id":"https:\/\/pajzos.com\/#website","url":"https:\/\/pajzos.com\/","name":"Pajzos Tokaj","description":"Pajzos Tokaj Bor\u00e1szat","publisher":{"@id":"https:\/\/pajzos.com\/#organization"},"potentialAction":[{"@type":"SearchAction","target":{"@type":"EntryPoint","urlTemplate":"https:\/\/pajzos.com\/?s={search_term_string}"},"query-input":{"@type":"PropertyValueSpecification","valueRequired":true,"valueName":"search_term_string"}}],"inLanguage":"fr-FR"},{"@type":"Organization","@id":"https:\/\/pajzos.com\/#organization","name":"Pajzos Tokaj","url":"https:\/\/pajzos.com\/","logo":{"@type":"ImageObject","inLanguage":"fr-FR","@id":"https:\/\/pajzos.com\/#\/schema\/logo\/image\/","url":"https:\/\/pajzos.com\/wp-content\/uploads\/2022\/05\/cropped-cropped-logo.final_.01.png","contentUrl":"https:\/\/pajzos.com\/wp-content\/uploads\/2022\/05\/cropped-cropped-logo.final_.01.png","width":512,"height":512,"caption":"Pajzos Tokaj"},"image":{"@id":"https:\/\/pajzos.com\/#\/schema\/logo\/image\/"},"sameAs":["https:\/\/www.facebook.com\/pajzoswinery\/","https:\/\/www.instagram.com\/pajzostokaj\/"]}]}},"_links":{"self":[{"href":"https:\/\/pajzos.com\/fr\/wp-json\/wp\/v2\/pages\/4031","targetHints":{"allow":["GET"]}}],"collection":[{"href":"https:\/\/pajzos.com\/fr\/wp-json\/wp\/v2\/pages"}],"about":[{"href":"https:\/\/pajzos.com\/fr\/wp-json\/wp\/v2\/types\/page"}],"author":[{"embeddable":true,"href":"https:\/\/pajzos.com\/fr\/wp-json\/wp\/v2\/users\/1"}],"replies":[{"embeddable":true,"href":"https:\/\/pajzos.com\/fr\/wp-json\/wp\/v2\/comments?post=4031"}],"version-history":[{"count":3,"href":"https:\/\/pajzos.com\/fr\/wp-json\/wp\/v2\/pages\/4031\/revisions"}],"predecessor-version":[{"id":4177,"href":"https:\/\/pajzos.com\/fr\/wp-json\/wp\/v2\/pages\/4031\/revisions\/4177"}],"wp:attachment":[{"href":"https:\/\/pajzos.com\/fr\/wp-json\/wp\/v2\/media?parent=4031"}],"curies":[{"name":"wp","href":"https:\/\/api.w.org\/{rel}","templated":true}]}}